{"id":4294,"date":"2020-12-10T13:48:48","date_gmt":"2020-12-10T13:48:48","guid":{"rendered":"https:\/\/jhstaal.com\/produkter\/rostfria-blandningstankar\/"},"modified":"2026-04-24T11:54:34","modified_gmt":"2026-04-24T11:54:34","slug":"rostfria-blandningstankar","status":"publish","type":"page","link":"https:\/\/www.jhstaal.com\/sv\/produkter\/rostfria-blandningstankar\/","title":{"rendered":"Rostfria blandningstankar"},"content":{"rendered":"<div class=\"wpb-content-wrapper\"><p>[vc_row][vc_column][vc_single_image image=&#8221;4297&#8243; img_size=&#8221;full&#8221; alignment=&#8221;center&#8221;][vc_row_inner][vc_column_inner][vc_column_text]<\/p>\n<p>Rostfria blandningstankar eller &#8221;liquiverters&#8221; \u00e4r h\u00f6ghastighets-delblandare som effektivt inf\u00f6rlivar torrsubstans-partiklar i en l\u00f6sning eller flytande produkt. De anv\u00e4nds d\u00e4rf\u00f6r i produktionslinjer som beh\u00f6ver snabb och effektiv blandning av produkter.<\/p>\n<div class=\"gap\" style=\"line-height: 20px; height: 20px;\"><\/div>\n<h2><span lang=\"sv\">Effektiva blandningstankar f\u00f6r blandningsprocessen<\/span><\/h2>\n<div class=\"gap\" style=\"line-height: 20px; height: 20px;\"><\/div>\n<p>P\u00e5 JH St\u00e5lindustri har vi producerat blandningstankar f\u00f6r ett stort antal kunder. Oftast \u00e4r de byggda som en fyrkantig beh\u00e5llare med ett bottenplacerat specialhjul av koppartyp eller rund med en fast baffelplatta som har ett integrerat knivsystem f\u00f6r finf\u00f6rdelning av produktbitar eller finf\u00f6rdelning av st\u00f6rre partiklar. Blandningstankarna anv\u00e4nds d\u00e4rf\u00f6r ofta i livsmedelsindustrin f\u00f6r effektiv blandning av produkten.<\/p>\n<div class=\"gap\" style=\"line-height: 20px; height: 20px;\"><\/div>\n<h3><span lang=\"sv\">H\u00f6g pumpkapacitet<\/span><\/h3>\n<div class=\"gap\" style=\"line-height: 20px; height: 20px;\"><\/div>\n<p>Det kraftfulla pumphjulet skapar en stor &#8221;virvel&#8221; i v\u00e4tskan, men den bryter igen under utvecklingen av en effektiv mix \/ mix-milj\u00f6. Pumphjulet har h\u00f6g pumpkapacitet f\u00f6r den interna \u00e5tercirkulationen eller f\u00f6r bottenutloppet n\u00e4r processen \u00e4r klar.<\/p>\n<div class=\"gap\" style=\"line-height: 20px; height: 20px;\"><\/div>\n<h3><span lang=\"sv\">H\u00f6ghastighetsblandare \/ mixer<\/span><\/h3>\n<div class=\"gap\" style=\"line-height: 20px; height: 20px;\"><\/div>\n<p>Denna h\u00f6ghastighetsblandare kan ocks\u00e5 anv\u00e4ndas f\u00f6r att blanda, sprida, rekonstituera, l\u00f6sa upp, \u00e5terfukta och \u00e5teruppl\u00f6sa l\u00f6sliga foderklistringar. Det s\u00e4kerst\u00e4ller st\u00f6rre stabilitet och homogenitet eftersom ol\u00f6sliga produkter dispergeras i en v\u00e4tska f\u00f6r framst\u00e4llning av suspensioner och uppslamningar.<\/p>\n<div class=\"gap\" style=\"line-height: 20px; height: 20px;\"><\/div>\n<h3><span lang=\"sv\">Olika former och storlekar<\/span><\/h3>\n<div class=\"gap\" style=\"line-height: 20px; height: 20px;\"><\/div>\n<p>P\u00e5 JH St\u00e5lindustri designar vi blandningstankar speciellt anpassade f\u00f6r den enskilda produktionen. Vi levererar vertikala blandningstankar i storlekar fr\u00e5n 200L till 3000L. Dessutom tar vi h\u00e4nsyn till eventuella ytterligare funktioner s\u00e5v\u00e4l som motorstorlekar beroende p\u00e5 tankens syfte.<\/p>\n<div class=\"gap\" style=\"line-height: 20px; height: 20px;\"><\/div>\n<h3><span lang=\"sv\">Blandningstankar f\u00f6r livsmedelsbearbetning<\/span><\/h3>\n<div class=\"gap\" style=\"line-height: 20px; height: 20px;\"><\/div>\n<p>Under \u00e5ren har vi p\u00e5 JH St\u00e5lindustri arbetat n\u00e4ra med ett antal f\u00f6retag inom livsmedelsindustrin . H\u00e4r m\u00f6ter vi ofta ett speciellt behov n\u00e4r det g\u00e4ller blandning och bearbetning av produkten. S\u00e4rskilda villkor f\u00f6r den givna maten kan skapa utmaningar f\u00f6r produktionen. P\u00e5 JH St\u00e5lindustri kan vi d\u00e4rf\u00f6r anv\u00e4nda v\u00e5r tekniska expertis f\u00f6r att effektivisera processen och s\u00e4kerst\u00e4lla effektiv blandning av produkten. Vi kan d\u00e4rf\u00f6r leverera blandningstankar som uppfyller speciella behov och inneh\u00e5ller saker som:<\/p>\n<ul>\n<li>Kraftfulla omr\u00f6rare f\u00f6r mycket visk\u00f6sa produkter<\/li>\n<li>Horisontella och vertikala omr\u00f6rare<\/li>\n<li>Effektiv v\u00e4rmev\u00e4xling<\/li>\n<li>CIP-anl\u00e4ggning<\/li>\n<li>Effektivt dr\u00e4neringsutlopp<\/li>\n<li>Pumpar in och ut ur tanken<\/li>\n<li>PLC-kontroll<\/li>\n<\/ul>\n<div class=\"gap\" style=\"line-height: 20px; height: 20px;\"><\/div>\n<h2><span lang=\"sv\">JH St\u00e5lindustri har stor professionalism<\/span><\/h2>\n<div class=\"gap\" style=\"line-height: 20px; height: 20px;\"><\/div>\n<p>P\u00e5 JH St\u00e5lindustri tillverkar vi rostfria tankar enligt v\u00e5ra kunders kravspecifikationer. Vi \u00e4r fast beslutna att se till att alla standarder uppfylls och att v\u00e5ra kunder har en h\u00f6gkvalitativ tank. D\u00e4rf\u00f6r kan v\u00e5ra kunder f\u00f6rv\u00e4nta sig:<\/p>\n<ul>\n<li>En grundlig och f\u00f6rdjupad dialog s\u00e5 att vi 100% f\u00f6rst\u00e5r kundens behov och krav p\u00e5 id\u00e9n<\/li>\n<li>Full sp\u00e5rbarhet p\u00e5 alla material<\/li>\n<li>Ett stort f\u00f6rs\u00f6k att f\u00e5 kunden att f\u00f6rst\u00e5 alla tekniska detaljer runt blandningstanken. Bland annat anv\u00e4nder vi 3D-ritningar f\u00f6r att f\u00f6rb\u00e4ttra denna f\u00f6rst\u00e5else<\/li>\n<li>Dokumentation av tillverkningsprocessen. Inklusive material och svetscertifikat, ytor, tester och mycket mer<\/li>\n<\/ul>\n<div class=\"gap\" style=\"line-height: 20px; height: 20px;\"><\/div>\n<h3><span lang=\"sv\">V\u00e5ra svetsare \u00e4r certifierade<\/span><\/h3>\n<div class=\"gap\" style=\"line-height: 20px; height: 20px;\"><\/div>\n<p>Tillverkning av h\u00f6gkvalitativa rostfria tankar \u00e4r ett hantverk. D\u00e4rf\u00f6r \u00e4r v\u00e5ra svetsare naturligtvis certifierade enligt PED-kraven, vilket \u00e4r certifieringar att arbeta med olika:<\/p>\n<ul>\n<li>Material<\/li>\n<li>Svetsmetoder<\/li>\n<li>V\u00e4ggtjocklekar<\/li>\n<\/ul>\n<div class=\"gap\" style=\"line-height: 20px; height: 20px;\"><\/div>\n<p>Certifieringarna g\u00e4ller i tre \u00e5r och d\u00e4rf\u00f6r kan vi garantera att v\u00e5ra svetsare alltid \u00e4r uppdaterade med de senaste arbetsmetoderna. Det \u00e4r din garanti f\u00f6r ett v\u00e4l utf\u00f6rt jobb.<\/p>\n<div class=\"gap\" style=\"line-height: 20px; height: 20px;\"><\/div>\n<p>Kontakta JH St\u00e5lindustri idag om du vill veta mer om blandningstankar eller v\u00e5ra produkter p\u00e5 telefon\u00a0 +45 86 47 90 44\u00a0 eller via e-post till\u00a0 jhstaal@jhstaal.com.<\/p>\n<p>[\/vc_column_text][\/vc_column_inner][\/vc_row_inner][\/vc_column][\/vc_row][vc_row][vc_column]<style type=\"text\/css\" data-type=\"the7_shortcodes-inline-css\">#default-btn-d8c5237c5fe76120b0f5003cd8542aa5 {\n  border-radius: 5px;\n  font-size: 18px;\n  line-height: 20px;\n}\n.btn-shadow#default-btn-d8c5237c5fe76120b0f5003cd8542aa5 {\n  box-shadow: 0 1px 6px rgba(0,0,0,0.12);\n  transition: box-shadow 0.2s ease-out, opacity 0.45s;\n}\n.btn-shadow#default-btn-d8c5237c5fe76120b0f5003cd8542aa5:hover {\n  box-shadow: 0 5px 11px 0 rgba(0,0,0,0.18), 0 4px 15px 0 rgba(0,0,0,0.15);\n}\n.btn-flat#default-btn-d8c5237c5fe76120b0f5003cd8542aa5 {\n  box-shadow: none;\n}\n.btn-flat#default-btn-d8c5237c5fe76120b0f5003cd8542aa5:hover {\n  box-shadow: none;\n}\n#default-btn-d8c5237c5fe76120b0f5003cd8542aa5.ico-right-side > i {\n  margin-right: 0px;\n  margin-left: 8px;\n}\n#default-btn-d8c5237c5fe76120b0f5003cd8542aa5 > i {\n  margin-right: 8px;\n  font-size: 25px;\n}\n#default-btn-d8c5237c5fe76120b0f5003cd8542aa5:not(:hover) {\n  border-width: 0px;\n  padding: 17px 24px 16px 24px;\n}\n#default-btn-d8c5237c5fe76120b0f5003cd8542aa5:hover {\n  border-width: 0px;\n  padding: 17px 24px 16px 24px;\n}\n#default-btn-d8c5237c5fe76120b0f5003cd8542aa5.ico-right-side > i {\n  margin-right: 0px;\n  margin-left: 8px;\n}\n#default-btn-d8c5237c5fe76120b0f5003cd8542aa5 > i {\n  margin-right: 8px;\n}\n<\/style><div class=\"btn-align-center\"><a href=\"https:\/\/jhstaal.com\/en\/datasheets\/\" class=\"default-btn-shortcode dt-btn link-hover-off btn-flat  vc_custom_1614268365676\" id=\"default-btn-d8c5237c5fe76120b0f5003cd8542aa5\" title=\"Datasheets\"><span>See our datasheets here<\/span><\/a><\/div>[vc_separator border_width=&#8221;3&#8243;]<div class=\"ult-spacer spacer-69fbf1d1f14be\" data-id=\"69fbf1d1f14be\" data-height=\"30\" data-height-mobile=\"30\" data-height-tab=\"30\" data-height-tab-portrait=\"30\" data-height-mobile-landscape=\"30\" style=\"clear:both;display:block;\"><\/div>[\/vc_column][\/vc_row][vc_row][vc_column]<div class=\"wf-container dt-gallery-container dt-photos-shortcode loading-effect-fade-in iso-grid jg-container description-on-hover hover-style-two hover-fade content-align-centre\" data-padding=\"20px\" data-cur-page=\"1\" data-target-height=\"240px\"><div class=\"wf-cell\" data-post-id=\"6766\" data-date=\"2021-02-02T07:46:44+00:00\" data-name=\"JHStaal Food Process\">\n<article class=\"post post-6766 attachment type-attachment status-inherit hentry no-img description-off\">\n\n\t<figure class=\"rollover-project links-hovers-disabled\">\n\t<a href=\"\/wp-content\/uploads\/2020\/12\/JHStaal-Food-Process-scaled.jpg\" class=\"rollover rollover-zoom dt-pswp-item layzr-bg\" title=\"JHStaal Food Process\" data-dt-img-description=\"\"  data-large_image_width=\"2560\" data-large_image_height = \"1920\" ><img fetchpriority=\"high\" decoding=\"async\" class=\"preload-me jgrid-lazy-load aspect\" src=\"data:image\/svg+xml,%3Csvg%20xmlns%3D&#39;http%3A%2F%2Fwww.w3.org%2F2000%2Fsvg&#39;%20viewBox%3D&#39;0%200%20554%20312&#39;%2F%3E\" data-src=\"\/wp-content\/uploads\/2020\/12\/JHStaal-Food-Process-scaled-554x312.jpg\" data-srcset=\"\/wp-content\/uploads\/2020\/12\/JHStaal-Food-Process-scaled-554x312.jpg 554w, \/wp-content\/uploads\/2020\/12\/JHStaal-Food-Process-scaled-1108x624.jpg 1108w\" loading=\"eager\" style=\"--ratio: 554 \/ 312\" sizes=\"(max-width: 554px) 100vw, 554px\" alt=\"\" width=\"554\" height=\"312\"  \/><\/a>\t<\/figure>\n<\/article>\n\n<\/div><div class=\"wf-cell\" data-post-id=\"6771\" data-date=\"2021-02-02T07:46:51+00:00\" data-name=\"JHStaal Jam mixing tank\">\n<article class=\"post post-6771 attachment type-attachment status-inherit hentry no-img description-off\">\n\n\t<figure class=\"rollover-project links-hovers-disabled\">\n\t<a href=\"\/wp-content\/uploads\/2020\/12\/JHStaal-Jam-mixing-tank-scaled.jpg\" class=\"rollover rollover-zoom dt-pswp-item layzr-bg\" title=\"JHStaal Jam mixing tank\" data-dt-img-description=\"\"  data-large_image_width=\"2560\" data-large_image_height = \"1920\" ><img decoding=\"async\" class=\"preload-me jgrid-lazy-load aspect\" src=\"data:image\/svg+xml,%3Csvg%20xmlns%3D&#39;http%3A%2F%2Fwww.w3.org%2F2000%2Fsvg&#39;%20viewBox%3D&#39;0%200%20554%20312&#39;%2F%3E\" data-src=\"\/wp-content\/uploads\/2020\/12\/JHStaal-Jam-mixing-tank-scaled-554x312.jpg\" data-srcset=\"\/wp-content\/uploads\/2020\/12\/JHStaal-Jam-mixing-tank-scaled-554x312.jpg 554w, \/wp-content\/uploads\/2020\/12\/JHStaal-Jam-mixing-tank-scaled-1108x624.jpg 1108w\" loading=\"eager\" style=\"--ratio: 554 \/ 312\" sizes=\"(max-width: 554px) 100vw, 554px\" alt=\"\" width=\"554\" height=\"312\"  \/><\/a>\t<\/figure>\n<\/article>\n\n<\/div><div class=\"wf-cell\" data-post-id=\"6776\" data-date=\"2021-02-02T07:46:58+00:00\" data-name=\"JHStaal Mix tanks\">\n<article class=\"post post-6776 attachment type-attachment status-inherit hentry no-img description-off\">\n\n\t<figure class=\"rollover-project links-hovers-disabled\">\n\t<a href=\"\/wp-content\/uploads\/2020\/12\/JHStaal-Mix-tanks-scaled.jpg\" class=\"rollover rollover-zoom dt-pswp-item layzr-bg\" title=\"JHStaal Mix tanks\" data-dt-img-description=\"\"  data-large_image_width=\"2560\" data-large_image_height = \"1440\" ><img decoding=\"async\" class=\"preload-me jgrid-lazy-load aspect\" src=\"data:image\/svg+xml,%3Csvg%20xmlns%3D&#39;http%3A%2F%2Fwww.w3.org%2F2000%2Fsvg&#39;%20viewBox%3D&#39;0%200%20554%20312&#39;%2F%3E\" data-src=\"\/wp-content\/uploads\/2020\/12\/JHStaal-Mix-tanks-scaled-554x312.jpg\" data-srcset=\"\/wp-content\/uploads\/2020\/12\/JHStaal-Mix-tanks-scaled-554x312.jpg 554w, \/wp-content\/uploads\/2020\/12\/JHStaal-Mix-tanks-scaled-1108x624.jpg 1108w\" loading=\"eager\" style=\"--ratio: 554 \/ 312\" sizes=\"(max-width: 554px) 100vw, 554px\" alt=\"\" width=\"554\" height=\"312\"  \/><\/a>\t<\/figure>\n<\/article>\n\n<\/div><div class=\"wf-cell\" data-post-id=\"6781\" data-date=\"2021-02-02T07:47:59+00:00\" data-name=\"JHStaal Liquiverter Stainless Steel\">\n<article class=\"post post-6781 attachment type-attachment status-inherit hentry no-img description-off\">\n\n\t<figure class=\"rollover-project links-hovers-disabled\">\n\t<a href=\"\/wp-content\/uploads\/2020\/12\/JHStaal-Liquiverter-Stainless-Steel-scaled.jpg\" class=\"rollover rollover-zoom dt-pswp-item layzr-bg\" title=\"JHStaal Liquiverter Stainless Steel\" data-dt-img-description=\"\"  data-large_image_width=\"1714\" data-large_image_height = \"2560\" ><img decoding=\"async\" class=\"preload-me jgrid-lazy-load aspect\" src=\"data:image\/svg+xml,%3Csvg%20xmlns%3D&#39;http%3A%2F%2Fwww.w3.org%2F2000%2Fsvg&#39;%20viewBox%3D&#39;0%200%20554%20312&#39;%2F%3E\" data-src=\"\/wp-content\/uploads\/2020\/12\/JHStaal-Liquiverter-Stainless-Steel-scaled-554x312.jpg\" data-srcset=\"\/wp-content\/uploads\/2020\/12\/JHStaal-Liquiverter-Stainless-Steel-scaled-554x312.jpg 554w, \/wp-content\/uploads\/2020\/12\/JHStaal-Liquiverter-Stainless-Steel-scaled-1108x624.jpg 1108w\" loading=\"eager\" style=\"--ratio: 554 \/ 312\" sizes=\"(max-width: 554px) 100vw, 554px\" alt=\"\" width=\"554\" height=\"312\"  \/><\/a>\t<\/figure>\n<\/article>\n\n<\/div><div class=\"wf-cell\" data-post-id=\"6786\" data-date=\"2021-02-02T07:48:06+00:00\" data-name=\"JHStaal Liquiverter\">\n<article class=\"post post-6786 attachment type-attachment status-inherit hentry no-img description-off\">\n\n\t<figure class=\"rollover-project links-hovers-disabled\">\n\t<a href=\"\/wp-content\/uploads\/2020\/12\/JHStaal-Liquiverter-scaled.jpg\" class=\"rollover rollover-zoom dt-pswp-item layzr-bg\" title=\"JHStaal Liquiverter\" data-dt-img-description=\"\"  data-large_image_width=\"1714\" data-large_image_height = \"2560\" ><img decoding=\"async\" class=\"preload-me jgrid-lazy-load aspect\" src=\"data:image\/svg+xml,%3Csvg%20xmlns%3D&#39;http%3A%2F%2Fwww.w3.org%2F2000%2Fsvg&#39;%20viewBox%3D&#39;0%200%20554%20312&#39;%2F%3E\" data-src=\"\/wp-content\/uploads\/2020\/12\/JHStaal-Liquiverter-scaled-554x312.jpg\" data-srcset=\"\/wp-content\/uploads\/2020\/12\/JHStaal-Liquiverter-scaled-554x312.jpg 554w, \/wp-content\/uploads\/2020\/12\/JHStaal-Liquiverter-scaled-1108x624.jpg 1108w\" loading=\"eager\" style=\"--ratio: 554 \/ 312\" sizes=\"(max-width: 554px) 100vw, 554px\" alt=\"\" width=\"554\" height=\"312\"  \/><\/a>\t<\/figure>\n<\/article>\n\n<\/div><\/div>[\/vc_column][\/vc_row]<\/p>\n<\/div>","protected":false},"excerpt":{"rendered":"<p>[vc_row][vc_column][vc_single_image image=&#8221;4297&#8243; img_size=&#8221;full&#8221; alignment=&#8221;center&#8221;][vc_row_inner][vc_column_inner][vc_column_text] Rostfria blandningstankar eller &#8221;liquiverters&#8221; \u00e4r h\u00f6ghastighets-delblandare som effektivt inf\u00f6rlivar torrsubstans-partiklar i en l\u00f6sning eller flytande produkt. De anv\u00e4nds d\u00e4rf\u00f6r i produktionslinjer som beh\u00f6ver snabb och effektiv blandning av produkter. Effektiva blandningstankar f\u00f6r blandningsprocessen P\u00e5 JH St\u00e5lindustri har vi producerat blandningstankar f\u00f6r ett stort antal kunder. Oftast \u00e4r de byggda som en&hellip;<\/p>\n","protected":false},"author":10,"featured_media":0,"parent":4235,"menu_order":0,"comment_status":"closed","ping_status":"closed","template":"","meta":{"footnotes":""},"yoast_head":"<!-- This site is optimized with the Yoast SEO plugin v22.2 - https:\/\/yoast.com\/wordpress\/plugins\/seo\/ -->\n<title>Rostfria blandningstankar och blandningsk\u00e4rl | Beg\u00e4r offert<\/title>\n<meta name=\"description\" content=\"Rostfria blandningstankar f\u00f6r snabb och effektiv blandning av flytande produkter och torrsubstans. Anpassas efter produktion och krav.\" \/>\n<meta name=\"robots\" content=\"index, follow, max-snippet:-1, max-image-preview:large, max-video-preview:-1\" \/>\n<link rel=\"canonical\" href=\"https:\/\/www.jhstaal.com\/sv\/produkter\/rostfria-blandningstankar\/\" \/>\n<meta property=\"og:locale\" content=\"sv_SE\" \/>\n<meta property=\"og:type\" content=\"article\" \/>\n<meta property=\"og:title\" content=\"Rostfria blandningstankar och blandningsk\u00e4rl | Beg\u00e4r offert\" \/>\n<meta property=\"og:description\" content=\"Rostfria blandningstankar f\u00f6r snabb och effektiv blandning av flytande produkter och torrsubstans. Anpassas efter produktion och krav.\" \/>\n<meta property=\"og:url\" content=\"https:\/\/www.jhstaal.com\/sv\/produkter\/rostfria-blandningstankar\/\" \/>\n<meta property=\"og:site_name\" content=\"JH St&aring;lindustri A\/S\" \/>\n<meta property=\"article:modified_time\" content=\"2026-04-24T11:54:34+00:00\" \/>\n<meta name=\"twitter:card\" content=\"summary_large_image\" \/>\n<meta name=\"twitter:label1\" content=\"Ber\u00e4knad l\u00e4stid\" \/>\n\t<meta name=\"twitter:data1\" content=\"4 minuter\" \/>\n<script type=\"application\/ld+json\" class=\"yoast-schema-graph\">{\"@context\":\"https:\/\/schema.org\",\"@graph\":[{\"@type\":\"WebPage\",\"@id\":\"https:\/\/www.jhstaal.com\/sv\/produkter\/rostfria-blandningstankar\/\",\"url\":\"https:\/\/www.jhstaal.com\/sv\/produkter\/rostfria-blandningstankar\/\",\"name\":\"Rostfria blandningstankar och blandningsk\u00e4rl | Beg\u00e4r offert\",\"isPartOf\":{\"@id\":\"https:\/\/jhstaal.com\/#website\"},\"datePublished\":\"2020-12-10T13:48:48+00:00\",\"dateModified\":\"2026-04-24T11:54:34+00:00\",\"description\":\"Rostfria blandningstankar f\u00f6r snabb och effektiv blandning av flytande produkter och torrsubstans. Anpassas efter produktion och krav.\",\"breadcrumb\":{\"@id\":\"https:\/\/www.jhstaal.com\/sv\/produkter\/rostfria-blandningstankar\/#breadcrumb\"},\"inLanguage\":\"sv-SE\",\"potentialAction\":[{\"@type\":\"ReadAction\",\"target\":[\"https:\/\/www.jhstaal.com\/sv\/produkter\/rostfria-blandningstankar\/\"]}]},{\"@type\":\"BreadcrumbList\",\"@id\":\"https:\/\/www.jhstaal.com\/sv\/produkter\/rostfria-blandningstankar\/#breadcrumb\",\"itemListElement\":[{\"@type\":\"ListItem\",\"position\":1,\"name\":\"Hjem\",\"item\":\"https:\/\/jhstaal.dk\/sv\/\"},{\"@type\":\"ListItem\",\"position\":2,\"name\":\"Rostfria tankar\",\"item\":\"https:\/\/jhstaal.dk\/sv\/produkter\/\"},{\"@type\":\"ListItem\",\"position\":3,\"name\":\"Rostfria blandningstankar\"}]},{\"@type\":\"WebSite\",\"@id\":\"https:\/\/jhstaal.com\/#website\",\"url\":\"https:\/\/jhstaal.com\/\",\"name\":\"JH St&aring;lindustri A\/S\",\"description\":\"St&aring;ltanke\",\"publisher\":{\"@id\":\"https:\/\/jhstaal.com\/#organization\"},\"potentialAction\":[{\"@type\":\"SearchAction\",\"target\":{\"@type\":\"EntryPoint\",\"urlTemplate\":\"https:\/\/jhstaal.com\/?s={search_term_string}\"},\"query-input\":\"required name=search_term_string\"}],\"inLanguage\":\"sv-SE\"},{\"@type\":\"Organization\",\"@id\":\"https:\/\/jhstaal.com\/#organization\",\"name\":\"JH St\u00e5lindustri A\/S\",\"url\":\"https:\/\/jhstaal.com\/\",\"logo\":{\"@type\":\"ImageObject\",\"inLanguage\":\"sv-SE\",\"@id\":\"https:\/\/jhstaal.com\/#\/schema\/logo\/image\/\",\"url\":\"\/wp-content\/uploads\/2016\/09\/JHstaal-LOGO-600px.jpg\",\"contentUrl\":\"\/wp-content\/uploads\/2016\/09\/JHstaal-LOGO-600px.jpg\",\"width\":600,\"height\":160,\"caption\":\"JH St\u00e5lindustri A\/S\"},\"image\":{\"@id\":\"https:\/\/jhstaal.com\/#\/schema\/logo\/image\/\"}}]}<\/script>\n<!-- \/ Yoast SEO plugin. -->","yoast_head_json":{"title":"Rostfria blandningstankar och blandningsk\u00e4rl | Beg\u00e4r offert","description":"Rostfria blandningstankar f\u00f6r snabb och effektiv blandning av flytande produkter och torrsubstans. Anpassas efter produktion och krav.","robots":{"index":"index","follow":"follow","max-snippet":"max-snippet:-1","max-image-preview":"max-image-preview:large","max-video-preview":"max-video-preview:-1"},"canonical":"https:\/\/www.jhstaal.com\/sv\/produkter\/rostfria-blandningstankar\/","og_locale":"sv_SE","og_type":"article","og_title":"Rostfria blandningstankar och blandningsk\u00e4rl | Beg\u00e4r offert","og_description":"Rostfria blandningstankar f\u00f6r snabb och effektiv blandning av flytande produkter och torrsubstans. Anpassas efter produktion och krav.","og_url":"https:\/\/www.jhstaal.com\/sv\/produkter\/rostfria-blandningstankar\/","og_site_name":"JH St&aring;lindustri A\/S","article_modified_time":"2026-04-24T11:54:34+00:00","twitter_card":"summary_large_image","twitter_misc":{"Ber\u00e4knad l\u00e4stid":"4 minuter"},"schema":{"@context":"https:\/\/schema.org","@graph":[{"@type":"WebPage","@id":"https:\/\/www.jhstaal.com\/sv\/produkter\/rostfria-blandningstankar\/","url":"https:\/\/www.jhstaal.com\/sv\/produkter\/rostfria-blandningstankar\/","name":"Rostfria blandningstankar och blandningsk\u00e4rl | Beg\u00e4r offert","isPartOf":{"@id":"https:\/\/jhstaal.com\/#website"},"datePublished":"2020-12-10T13:48:48+00:00","dateModified":"2026-04-24T11:54:34+00:00","description":"Rostfria blandningstankar f\u00f6r snabb och effektiv blandning av flytande produkter och torrsubstans. Anpassas efter produktion och krav.","breadcrumb":{"@id":"https:\/\/www.jhstaal.com\/sv\/produkter\/rostfria-blandningstankar\/#breadcrumb"},"inLanguage":"sv-SE","potentialAction":[{"@type":"ReadAction","target":["https:\/\/www.jhstaal.com\/sv\/produkter\/rostfria-blandningstankar\/"]}]},{"@type":"BreadcrumbList","@id":"https:\/\/www.jhstaal.com\/sv\/produkter\/rostfria-blandningstankar\/#breadcrumb","itemListElement":[{"@type":"ListItem","position":1,"name":"Hjem","item":"https:\/\/jhstaal.dk\/sv\/"},{"@type":"ListItem","position":2,"name":"Rostfria tankar","item":"https:\/\/jhstaal.dk\/sv\/produkter\/"},{"@type":"ListItem","position":3,"name":"Rostfria blandningstankar"}]},{"@type":"WebSite","@id":"https:\/\/jhstaal.com\/#website","url":"https:\/\/jhstaal.com\/","name":"JH St&aring;lindustri A\/S","description":"St&aring;ltanke","publisher":{"@id":"https:\/\/jhstaal.com\/#organization"},"potentialAction":[{"@type":"SearchAction","target":{"@type":"EntryPoint","urlTemplate":"https:\/\/jhstaal.com\/?s={search_term_string}"},"query-input":"required name=search_term_string"}],"inLanguage":"sv-SE"},{"@type":"Organization","@id":"https:\/\/jhstaal.com\/#organization","name":"JH St\u00e5lindustri A\/S","url":"https:\/\/jhstaal.com\/","logo":{"@type":"ImageObject","inLanguage":"sv-SE","@id":"https:\/\/jhstaal.com\/#\/schema\/logo\/image\/","url":"\/wp-content\/uploads\/2016\/09\/JHstaal-LOGO-600px.jpg","contentUrl":"\/wp-content\/uploads\/2016\/09\/JHstaal-LOGO-600px.jpg","width":600,"height":160,"caption":"JH St\u00e5lindustri A\/S"},"image":{"@id":"https:\/\/jhstaal.com\/#\/schema\/logo\/image\/"}}]}},"_links":{"self":[{"href":"https:\/\/www.jhstaal.com\/sv\/wp-json\/wp\/v2\/pages\/4294"}],"collection":[{"href":"https:\/\/www.jhstaal.com\/sv\/wp-json\/wp\/v2\/pages"}],"about":[{"href":"https:\/\/www.jhstaal.com\/sv\/wp-json\/wp\/v2\/types\/page"}],"author":[{"embeddable":true,"href":"https:\/\/www.jhstaal.com\/sv\/wp-json\/wp\/v2\/users\/10"}],"replies":[{"embeddable":true,"href":"https:\/\/www.jhstaal.com\/sv\/wp-json\/wp\/v2\/comments?post=4294"}],"version-history":[{"count":3,"href":"https:\/\/www.jhstaal.com\/sv\/wp-json\/wp\/v2\/pages\/4294\/revisions"}],"predecessor-version":[{"id":7130,"href":"https:\/\/www.jhstaal.com\/sv\/wp-json\/wp\/v2\/pages\/4294\/revisions\/7130"}],"up":[{"embeddable":true,"href":"https:\/\/www.jhstaal.com\/sv\/wp-json\/wp\/v2\/pages\/4235"}],"wp:attachment":[{"href":"https:\/\/www.jhstaal.com\/sv\/wp-json\/wp\/v2\/media?parent=4294"}],"curies":[{"name":"wp","href":"https:\/\/api.w.org\/{rel}","templated":true}]}}