{"id":4266,"date":"2020-12-10T13:45:20","date_gmt":"2020-12-10T13:45:20","guid":{"rendered":"https:\/\/jhstaal.com\/produkter\/processenheter\/"},"modified":"2026-04-24T11:57:34","modified_gmt":"2026-04-24T11:57:34","slug":"processenheter","status":"publish","type":"page","link":"https:\/\/www.jhstaal.com\/sv\/produkter\/processenheter\/","title":{"rendered":"Processenheter"},"content":{"rendered":"<div class=\"wpb-content-wrapper\"><p>[vc_row][vc_column][vc_single_image image=&#8221;4269&#8243; img_size=&#8221;full&#8221; alignment=&#8221;center&#8221;][vc_row_inner][\/vc_row_inner][vc_column_inner][\/vc_column_inner][vc_column_text]<\/p>\n<p>Rostfria processenheter kan anv\u00e4ndas i ett stort antal produktioner. Det \u00e4r en skr\u00e4ddarsydd l\u00f6sning som kan best\u00e5 av ett antal tankar, CIP-l\u00f6sning, r\u00f6rsystem och omr\u00f6rare. Dessutom kan hela processanl\u00e4ggningen styras av en PLC.<\/p>\n<div class=\"gap\" style=\"line-height: 20px; height: 20px;\"><\/div>\n<h2><span lang=\"sv\">Kompletta rostfria processenheter<\/span><\/h2>\n<div class=\"gap\" style=\"line-height: 20px; height: 20px;\"><\/div>\n<p>P\u00e5 JH St\u00e5lindustri tillverkar vi inte bara tankar, vi erbjuder ocks\u00e5 kompletta l\u00f6sningar anpassade till den enskilda kundens behov. Baserat p\u00e5 v\u00e5r produktportf\u00f6lj och v\u00e5r erfarenhet erbjuder vi design och leverans av kompletta processanl\u00e4ggningar. Den specifika uppgiften produceras i n\u00e4ra samarbete med kunden s\u00e5 att den f\u00e4rdiga anl\u00e4ggningen uppfyller exakt kraven f\u00f6r produktion, hygien och funktion.<\/p>\n<div class=\"gap\" style=\"line-height: 20px; height: 20px;\"><\/div>\n<h3><span lang=\"sv\">Tips och r\u00e5d i beslutsprocessen<\/span><\/h3>\n<div class=\"gap\" style=\"line-height: 20px; height: 20px;\"><\/div>\n<p>P\u00e5 JH St\u00e5lindustri har vi l\u00e5ng erfarenhet av rostfria tankar och processutrustning, vilket g\u00f6r det m\u00f6jligt f\u00f6r oss att ge djupg\u00e5ende r\u00e5d om den \u00f6vergripande processenhetsl\u00f6sningen. Vi tar h\u00e4nsyn till alla kundens behov och ger r\u00e5d om en komplett l\u00f6sning vid tillverkning och konstruktion av processanl\u00e4ggningen. Detta inkluderar tankar, CIP-anl\u00e4ggningar, omr\u00f6rare och PLC-kontroll.<\/p>\n<div class=\"gap\" style=\"line-height: 20px; height: 20px;\"><\/div>\n<h3><span lang=\"sv\">Skrapa v\u00e4rmev\u00e4xlaren<\/span><\/h3>\n<div class=\"gap\" style=\"line-height: 20px; height: 20px;\"><\/div>\n<p>Under \u00e5ren har vi gjort ett antal processenheter f\u00f6r livsmedelsindustrin med en inbyggd skrapv\u00e4rmev\u00e4xlare. P\u00e5 JH St\u00e5lindustri har vi utvecklat Rotapro-skrapv\u00e4rmev\u00e4xlaren , som \u00e4r idealisk f\u00f6r anv\u00e4ndning i processenheter med behov av uppv\u00e4rmning eller kylning av h\u00f6gvisk\u00f6sa produkter. Skrapv\u00e4rmev\u00e4xlaren \u00e4r en integrerad del av ett stort antal processenheter som vi p\u00e5 JH St\u00e5lindustri producerar, eftersom det effektivt kan bearbeta produkten p\u00e5 ett skonsamt s\u00e4tt.<\/p>\n<div class=\"gap\" style=\"line-height: 20px; height: 20px;\"><\/div>\n<h3><span lang=\"sv\">CIP-anl\u00e4ggning<\/span><\/h3>\n<div class=\"gap\" style=\"line-height: 20px; height: 20px;\"><\/div>\n<p>CIP-anl\u00e4ggningar ing\u00e5r ofta som en del av den \u00f6vergripande processenheten. P\u00e5 JH St\u00e5lindustri har vi utvecklat v\u00e5r egen &#8221;JH CIP Unit&#8221;, som effektivt reng\u00f6r processanl\u00e4ggningar och enskilda enheter. JH CIP-enheter \u00e4r tillverkade p\u00e5 en bottenram i rostfritt st\u00e5l, monterad med \u00f6nskat antal tankar enligt uppgiften. Enheten kan vara stillast\u00e5ende eller mobil beroende p\u00e5 storlek och kapacitet. JH CIP-enheten kan vara &#8221;A string&#8221; utan \u00e5tervinning, eller &#8221;Multi-string&#8221; med \u00e5tervinning.<\/p>\n<p>[\/vc_column_text][\/vc_column][\/vc_row][vc_row][vc_column][vc_tta_accordion style=&#8221;flat&#8221; shape=&#8221;square&#8221; gap=&#8221;20&#8243; c_icon=&#8221;&#8221; active_section=&#8221;1&#8243;][vc_tta_section title=&#8221;Fl\u00f6desscheman&#8221; tab_id=&#8221;1474965212674-bcb4ff53-9676&#8243;][vc_row_inner][vc_column_inner width=&#8221;1\/2&#8243;][vc_single_image image=&#8221;4268&#8243; img_size=&#8221;full&#8221; css=&#8221;.vc_custom_1475002231167{margin-bottom: -1px !important;}&#8221;][vc_column_text]Enstr\u00e4ngssystem utan \u00e5tervinning, station\u00e4r eller mobil enhet.[\/vc_column_text][\/vc_column_inner][vc_column_inner width=&#8221;1\/2&#8243;][vc_single_image image=&#8221;4267&#8243; img_size=&#8221;full&#8221; css=&#8221;.vc_custom_1475002239203{margin-bottom: -1px !important;}&#8221;][vc_column_text]Enstr\u00e4ngssystem utan \u00e5tervinning, station\u00e4r eller mobil enhet.[\/vc_column_text][\/vc_column_inner][\/vc_row_inner][\/vc_tta_section][\/vc_tta_accordion][\/vc_column][\/vc_row][vc_row][vc_column]<div class=\"gap\" style=\"line-height: 20px; height: 20px;\"><\/div>[\/vc_column][\/vc_row][vc_row][vc_column][vc_column_text]<\/p>\n<h2><span lang=\"sv\">JH St\u00e5lindustri l\u00e4gger stort fokus p\u00e5 professionalism<\/span><\/h2>\n<div class=\"gap\" style=\"line-height: 20px; height: 20px;\"><\/div>\n<p>P\u00e5 JH St\u00e5lindustri tillverkar vi processenheter enligt v\u00e5ra kunders kravspecifikationer. Vi \u00e4r fast beslutna att se till att alla standarder uppfylls och att v\u00e5ra kunder har en h\u00f6gkvalitativ enhet. D\u00e4rf\u00f6r kan v\u00e5ra kunder f\u00f6rv\u00e4nta sig:<\/p>\n<ul>\n<li>En grundlig och f\u00f6rdjupad dialog s\u00e5 att vi 100% f\u00f6rst\u00e5r kundens behov och krav<\/li>\n<li>Full sp\u00e5rbarhet p\u00e5 alla material<\/li>\n<li>En stor insats f\u00f6r att s\u00e4kerst\u00e4lla att kunden f\u00f6rst\u00e5r alla tekniska detaljer om den enskilda processenheten. Bland annat anv\u00e4nder vi 3D-ritningar f\u00f6r att f\u00f6rb\u00e4ttra denna f\u00f6rst\u00e5else<\/li>\n<li>Dokumentation av tillverkningsprocessen. Inklusive material och svetscertifikat, ytor, tester och mycket mer<\/li>\n<\/ul>\n<div class=\"gap\" style=\"line-height: 20px; height: 20px;\"><\/div>\n<h3><span lang=\"sv\">V\u00e5ra svetsare \u00e4r certifierade<\/span><\/h3>\n<div class=\"gap\" style=\"line-height: 20px; height: 20px;\"><\/div>\n<p>Tillverkning av h\u00f6gkvalitativa processenheter \u00e4r ett hantverk. D\u00e4rf\u00f6r \u00e4r v\u00e5ra svetsare naturligtvis certifierade enligt PED-kraven, vilket \u00e4r certifieringar att arbeta med olika:<\/p>\n<ul>\n<li>Material<\/li>\n<li>Svetsmetoder<\/li>\n<li>V\u00e4ggtjocklekar<\/li>\n<\/ul>\n<div class=\"gap\" style=\"line-height: 20px; height: 20px;\"><\/div>\n<p>Certifieringarna g\u00e4ller i tre \u00e5r och d\u00e4rf\u00f6r kan vi garantera att v\u00e5ra svetsare alltid \u00e4r uppdaterade med de senaste arbetsmetoderna. Det \u00e4r din garanti f\u00f6r ett v\u00e4l utf\u00f6rt jobb.<\/p>\n<div class=\"gap\" style=\"line-height: 20px; height: 20px;\"><\/div>\n<p>Kontakta JH St\u00e5lindustri idag om du vill veta mer om processenheter eller v\u00e5ra produkter p\u00e5 telefon\u00a0 +45 86 47 90 44\u00a0 eller via e-post till\u00a0 jhstaal@jhstaal.com<\/p>\n<p>[\/vc_column_text][\/vc_column][\/vc_row][vc_row][vc_column]<style type=\"text\/css\" data-type=\"the7_shortcodes-inline-css\">#default-btn-d8c5237c5fe76120b0f5003cd8542aa5 {\n  border-radius: 5px;\n  font-size: 18px;\n  line-height: 20px;\n}\n.btn-shadow#default-btn-d8c5237c5fe76120b0f5003cd8542aa5 {\n  box-shadow: 0 1px 6px rgba(0,0,0,0.12);\n  transition: box-shadow 0.2s ease-out, opacity 0.45s;\n}\n.btn-shadow#default-btn-d8c5237c5fe76120b0f5003cd8542aa5:hover {\n  box-shadow: 0 5px 11px 0 rgba(0,0,0,0.18), 0 4px 15px 0 rgba(0,0,0,0.15);\n}\n.btn-flat#default-btn-d8c5237c5fe76120b0f5003cd8542aa5 {\n  box-shadow: none;\n}\n.btn-flat#default-btn-d8c5237c5fe76120b0f5003cd8542aa5:hover {\n  box-shadow: none;\n}\n#default-btn-d8c5237c5fe76120b0f5003cd8542aa5.ico-right-side > i {\n  margin-right: 0px;\n  margin-left: 8px;\n}\n#default-btn-d8c5237c5fe76120b0f5003cd8542aa5 > i {\n  margin-right: 8px;\n  font-size: 25px;\n}\n#default-btn-d8c5237c5fe76120b0f5003cd8542aa5:not(:hover) {\n  border-width: 0px;\n  padding: 17px 24px 16px 24px;\n}\n#default-btn-d8c5237c5fe76120b0f5003cd8542aa5:hover {\n  border-width: 0px;\n  padding: 17px 24px 16px 24px;\n}\n#default-btn-d8c5237c5fe76120b0f5003cd8542aa5.ico-right-side > i {\n  margin-right: 0px;\n  margin-left: 8px;\n}\n#default-btn-d8c5237c5fe76120b0f5003cd8542aa5 > i {\n  margin-right: 8px;\n}\n<\/style><div class=\"btn-align-center\"><a href=\"https:\/\/jhstaal.com\/en\/datasheets\/\" class=\"default-btn-shortcode dt-btn link-hover-off btn-flat  vc_custom_1614268365676\" id=\"default-btn-d8c5237c5fe76120b0f5003cd8542aa5\" title=\"Datasheets\"><span>See our datasheets here<\/span><\/a><\/div>[vc_separator border_width=&#8221;3&#8243;]<div class=\"ult-spacer spacer-69edc540bc2d9\" data-id=\"69edc540bc2d9\" data-height=\"30\" data-height-mobile=\"30\" data-height-tab=\"30\" data-height-tab-portrait=\"30\" data-height-mobile-landscape=\"30\" style=\"clear:both;display:block;\"><\/div>[\/vc_column][\/vc_row][vc_row][vc_column]<div class=\"wf-container dt-gallery-container dt-photos-shortcode loading-effect-fade-in iso-grid jg-container description-on-hover hover-style-two hover-fade content-align-centre\" data-padding=\"20px\" data-cur-page=\"1\" data-target-height=\"240px\"><div class=\"wf-cell\" data-post-id=\"6914\" data-date=\"2021-02-02T09:28:37+00:00\" data-name=\"\">\n<article class=\"post post-6914 attachment type-attachment status-inherit hentry no-img description-off\">\n\n\t<figure class=\"rollover-project links-hovers-disabled\">\n\t<a href=\"\/wp-content\/uploads\/2017\/07\/JHStaal-Rotapro-Process-Unit-scaled.jpg\" class=\"rollover rollover-zoom dt-pswp-item layzr-bg\"  data-dt-img-description=\"\"  data-large_image_width=\"1869\" data-large_image_height = \"2560\" ><img fetchpriority=\"high\" decoding=\"async\" class=\"preload-me jgrid-lazy-load aspect\" src=\"data:image\/svg+xml,%3Csvg%20xmlns%3D&#39;http%3A%2F%2Fwww.w3.org%2F2000%2Fsvg&#39;%20viewBox%3D&#39;0%200%20554%20312&#39;%2F%3E\" data-src=\"\/wp-content\/uploads\/2017\/07\/JHStaal-Rotapro-Process-Unit-scaled-554x312.jpg\" data-srcset=\"\/wp-content\/uploads\/2017\/07\/JHStaal-Rotapro-Process-Unit-scaled-554x312.jpg 554w, \/wp-content\/uploads\/2017\/07\/JHStaal-Rotapro-Process-Unit-scaled-1108x624.jpg 1108w\" loading=\"eager\" style=\"--ratio: 554 \/ 312\" sizes=\"(max-width: 554px) 100vw, 554px\" alt=\"\" width=\"554\" height=\"312\"  \/><\/a>\t<\/figure>\n<\/article>\n\n<\/div><div class=\"wf-cell\" data-post-id=\"6909\" data-date=\"2021-02-02T09:28:30+00:00\" data-name=\"JHStaal Destilation System\">\n<article class=\"post post-6909 attachment type-attachment status-inherit hentry no-img description-off\">\n\n\t<figure class=\"rollover-project links-hovers-disabled\">\n\t<a href=\"\/wp-content\/uploads\/2017\/07\/JHStaal-Destilation-System-scaled.jpg\" class=\"rollover rollover-zoom dt-pswp-item layzr-bg\" title=\"JHStaal Destilation System\" data-dt-img-description=\"\"  data-large_image_width=\"2560\" data-large_image_height = \"1920\" ><img decoding=\"async\" class=\"preload-me jgrid-lazy-load aspect\" src=\"data:image\/svg+xml,%3Csvg%20xmlns%3D&#39;http%3A%2F%2Fwww.w3.org%2F2000%2Fsvg&#39;%20viewBox%3D&#39;0%200%20554%20312&#39;%2F%3E\" data-src=\"\/wp-content\/uploads\/2017\/07\/JHStaal-Destilation-System-scaled-554x312.jpg\" data-srcset=\"\/wp-content\/uploads\/2017\/07\/JHStaal-Destilation-System-scaled-554x312.jpg 554w, \/wp-content\/uploads\/2017\/07\/JHStaal-Destilation-System-scaled-1108x624.jpg 1108w\" loading=\"eager\" style=\"--ratio: 554 \/ 312\" sizes=\"(max-width: 554px) 100vw, 554px\" alt=\"\" width=\"554\" height=\"312\"  \/><\/a>\t<\/figure>\n<\/article>\n\n<\/div><div class=\"wf-cell\" data-post-id=\"6904\" data-date=\"2021-02-02T09:26:34+00:00\" data-name=\"\">\n<article class=\"post post-6904 attachment type-attachment status-inherit hentry no-img description-off\">\n\n\t<figure class=\"rollover-project links-hovers-disabled\">\n\t<a href=\"\/wp-content\/uploads\/2017\/07\/JHStaal-Tank-With-Cooling-Unit.jpg\" class=\"rollover rollover-zoom dt-pswp-item layzr-bg\"  data-dt-img-description=\"\"  data-large_image_width=\"2560\" data-large_image_height = \"1920\" ><img decoding=\"async\" class=\"preload-me jgrid-lazy-load aspect\" src=\"data:image\/svg+xml,%3Csvg%20xmlns%3D&#39;http%3A%2F%2Fwww.w3.org%2F2000%2Fsvg&#39;%20viewBox%3D&#39;0%200%20554%20312&#39;%2F%3E\" data-src=\"\/wp-content\/uploads\/2017\/07\/JHStaal-Tank-With-Cooling-Unit-554x312.jpg\" data-srcset=\"\/wp-content\/uploads\/2017\/07\/JHStaal-Tank-With-Cooling-Unit-554x312.jpg 554w, \/wp-content\/uploads\/2017\/07\/JHStaal-Tank-With-Cooling-Unit-1108x624.jpg 1108w\" loading=\"eager\" style=\"--ratio: 554 \/ 312\" sizes=\"(max-width: 554px) 100vw, 554px\" alt=\"\" width=\"554\" height=\"312\"  \/><\/a>\t<\/figure>\n<\/article>\n\n<\/div><div class=\"wf-cell\" data-post-id=\"6899\" data-date=\"2021-02-02T09:26:28+00:00\" data-name=\"\">\n<article class=\"post post-6899 attachment type-attachment status-inherit hentry no-img description-off\">\n\n\t<figure class=\"rollover-project links-hovers-disabled\">\n\t<a href=\"\/wp-content\/uploads\/2017\/07\/JHStaal-SSHE-Process-Unit-scaled.jpg\" class=\"rollover rollover-zoom dt-pswp-item layzr-bg\"  data-dt-img-description=\"\"  data-large_image_width=\"2560\" data-large_image_height = \"1920\" ><img decoding=\"async\" class=\"preload-me jgrid-lazy-load aspect\" src=\"data:image\/svg+xml,%3Csvg%20xmlns%3D&#39;http%3A%2F%2Fwww.w3.org%2F2000%2Fsvg&#39;%20viewBox%3D&#39;0%200%20554%20312&#39;%2F%3E\" data-src=\"\/wp-content\/uploads\/2017\/07\/JHStaal-SSHE-Process-Unit-scaled-554x312.jpg\" data-srcset=\"\/wp-content\/uploads\/2017\/07\/JHStaal-SSHE-Process-Unit-scaled-554x312.jpg 554w, \/wp-content\/uploads\/2017\/07\/JHStaal-SSHE-Process-Unit-scaled-1108x624.jpg 1108w\" loading=\"eager\" style=\"--ratio: 554 \/ 312\" sizes=\"(max-width: 554px) 100vw, 554px\" alt=\"\" width=\"554\" height=\"312\"  \/><\/a>\t<\/figure>\n<\/article>\n\n<\/div><div class=\"wf-cell\" data-post-id=\"6894\" data-date=\"2021-02-02T09:26:20+00:00\" data-name=\"\">\n<article class=\"post post-6894 attachment type-attachment status-inherit hentry no-img description-off\">\n\n\t<figure class=\"rollover-project links-hovers-disabled\">\n\t<a href=\"\/wp-content\/uploads\/2017\/07\/JHStaal-RotaproProcessUnit-scaled.jpg\" class=\"rollover rollover-zoom dt-pswp-item layzr-bg\"  data-dt-img-description=\"\"  data-large_image_width=\"2560\" data-large_image_height = \"1920\" ><img decoding=\"async\" class=\"preload-me jgrid-lazy-load aspect\" src=\"data:image\/svg+xml,%3Csvg%20xmlns%3D&#39;http%3A%2F%2Fwww.w3.org%2F2000%2Fsvg&#39;%20viewBox%3D&#39;0%200%20554%20312&#39;%2F%3E\" data-src=\"\/wp-content\/uploads\/2017\/07\/JHStaal-RotaproProcessUnit-scaled-554x312.jpg\" data-srcset=\"\/wp-content\/uploads\/2017\/07\/JHStaal-RotaproProcessUnit-scaled-554x312.jpg 554w, \/wp-content\/uploads\/2017\/07\/JHStaal-RotaproProcessUnit-scaled-1108x624.jpg 1108w\" loading=\"eager\" style=\"--ratio: 554 \/ 312\" sizes=\"(max-width: 554px) 100vw, 554px\" alt=\"\" width=\"554\" height=\"312\"  \/><\/a>\t<\/figure>\n<\/article>\n\n<\/div><div class=\"wf-cell\" data-post-id=\"6889\" data-date=\"2021-02-02T09:26:13+00:00\" data-name=\"\">\n<article class=\"post post-6889 attachment type-attachment status-inherit hentry no-img description-off\">\n\n\t<figure class=\"rollover-project links-hovers-disabled\">\n\t<a href=\"\/wp-content\/uploads\/2017\/07\/JHStaal-Rotapro-Process-Unit-Control-scaled.jpg\" class=\"rollover rollover-zoom dt-pswp-item layzr-bg\"  data-dt-img-description=\"\"  data-large_image_width=\"1920\" data-large_image_height = \"2560\" ><img decoding=\"async\" class=\"preload-me jgrid-lazy-load aspect\" src=\"data:image\/svg+xml,%3Csvg%20xmlns%3D&#39;http%3A%2F%2Fwww.w3.org%2F2000%2Fsvg&#39;%20viewBox%3D&#39;0%200%20554%20312&#39;%2F%3E\" data-src=\"\/wp-content\/uploads\/2017\/07\/JHStaal-Rotapro-Process-Unit-Control-scaled-554x312.jpg\" data-srcset=\"\/wp-content\/uploads\/2017\/07\/JHStaal-Rotapro-Process-Unit-Control-scaled-554x312.jpg 554w, \/wp-content\/uploads\/2017\/07\/JHStaal-Rotapro-Process-Unit-Control-scaled-1108x624.jpg 1108w\" loading=\"eager\" style=\"--ratio: 554 \/ 312\" sizes=\"(max-width: 554px) 100vw, 554px\" alt=\"\" width=\"554\" height=\"312\"  \/><\/a>\t<\/figure>\n<\/article>\n\n<\/div><\/div>[\/vc_column][\/vc_row]<\/p>\n<\/div>","protected":false},"excerpt":{"rendered":"<p>[vc_row][vc_column][vc_single_image image=&#8221;4269&#8243; img_size=&#8221;full&#8221; alignment=&#8221;center&#8221;][vc_row_inner][\/vc_row_inner][vc_column_inner][\/vc_column_inner][vc_column_text] Rostfria processenheter kan anv\u00e4ndas i ett stort antal produktioner. Det \u00e4r en skr\u00e4ddarsydd l\u00f6sning som kan best\u00e5 av ett antal tankar, CIP-l\u00f6sning, r\u00f6rsystem och omr\u00f6rare. Dessutom kan hela processanl\u00e4ggningen styras av en PLC. Kompletta rostfria processenheter P\u00e5 JH St\u00e5lindustri tillverkar vi inte bara tankar, vi erbjuder ocks\u00e5 kompletta l\u00f6sningar anpassade till&hellip;<\/p>\n","protected":false},"author":10,"featured_media":0,"parent":4235,"menu_order":0,"comment_status":"closed","ping_status":"closed","template":"","meta":{"footnotes":""},"yoast_head":"<!-- This site is optimized with the Yoast SEO plugin v22.2 - https:\/\/yoast.com\/wordpress\/plugins\/seo\/ -->\n<title>Processenheter och processanl\u00e4ggningar | Beg\u00e4r offert<\/title>\n<meta name=\"description\" content=\"JH St\u00e5lindustri A\/S erbjuder tillverkning av kompletta processanl\u00e4ggningar. Vi tillverkar i n\u00e4ra dialog med kunden s\u00e5 att anl\u00e4ggningen uppfyller alla produktionsbehov.\" \/>\n<meta name=\"robots\" content=\"index, follow, max-snippet:-1, max-image-preview:large, max-video-preview:-1\" \/>\n<link rel=\"canonical\" href=\"https:\/\/www.jhstaal.com\/sv\/produkter\/processenheter\/\" \/>\n<meta property=\"og:locale\" content=\"sv_SE\" \/>\n<meta property=\"og:type\" content=\"article\" \/>\n<meta property=\"og:title\" content=\"Processenheter och processanl\u00e4ggningar | Beg\u00e4r offert\" \/>\n<meta property=\"og:description\" content=\"JH St\u00e5lindustri A\/S erbjuder tillverkning av kompletta processanl\u00e4ggningar. Vi tillverkar i n\u00e4ra dialog med kunden s\u00e5 att anl\u00e4ggningen uppfyller alla produktionsbehov.\" \/>\n<meta property=\"og:url\" content=\"https:\/\/www.jhstaal.com\/sv\/produkter\/processenheter\/\" \/>\n<meta property=\"og:site_name\" content=\"JH St&aring;lindustri A\/S\" \/>\n<meta property=\"article:modified_time\" content=\"2026-04-24T11:57:34+00:00\" \/>\n<meta name=\"twitter:card\" content=\"summary_large_image\" \/>\n<meta name=\"twitter:label1\" content=\"Ber\u00e4knad l\u00e4stid\" \/>\n\t<meta name=\"twitter:data1\" content=\"4 minuter\" \/>\n<script type=\"application\/ld+json\" class=\"yoast-schema-graph\">{\"@context\":\"https:\/\/schema.org\",\"@graph\":[{\"@type\":\"WebPage\",\"@id\":\"https:\/\/www.jhstaal.com\/sv\/produkter\/processenheter\/\",\"url\":\"https:\/\/www.jhstaal.com\/sv\/produkter\/processenheter\/\",\"name\":\"Processenheter och processanl\u00e4ggningar | Beg\u00e4r offert\",\"isPartOf\":{\"@id\":\"https:\/\/www.jhstaal.com\/sv\/#website\"},\"datePublished\":\"2020-12-10T13:45:20+00:00\",\"dateModified\":\"2026-04-24T11:57:34+00:00\",\"description\":\"JH St\u00e5lindustri A\/S erbjuder tillverkning av kompletta processanl\u00e4ggningar. Vi tillverkar i n\u00e4ra dialog med kunden s\u00e5 att anl\u00e4ggningen uppfyller alla produktionsbehov.\",\"breadcrumb\":{\"@id\":\"https:\/\/www.jhstaal.com\/sv\/produkter\/processenheter\/#breadcrumb\"},\"inLanguage\":\"sv-SE\",\"potentialAction\":[{\"@type\":\"ReadAction\",\"target\":[\"https:\/\/www.jhstaal.com\/sv\/produkter\/processenheter\/\"]}]},{\"@type\":\"BreadcrumbList\",\"@id\":\"https:\/\/www.jhstaal.com\/sv\/produkter\/processenheter\/#breadcrumb\",\"itemListElement\":[{\"@type\":\"ListItem\",\"position\":1,\"name\":\"Hjem\",\"item\":\"https:\/\/www.jhstaal.dk\/sv\/\"},{\"@type\":\"ListItem\",\"position\":2,\"name\":\"Rostfria tankar\",\"item\":\"https:\/\/www.jhstaal.dk\/sv\/produkter\/\"},{\"@type\":\"ListItem\",\"position\":3,\"name\":\"Processenheter\"}]},{\"@type\":\"WebSite\",\"@id\":\"https:\/\/www.jhstaal.com\/sv\/#website\",\"url\":\"https:\/\/www.jhstaal.com\/sv\/\",\"name\":\"JH St&aring;lindustri A\/S\",\"description\":\"St&aring;ltanke\",\"publisher\":{\"@id\":\"https:\/\/www.jhstaal.com\/sv\/#organization\"},\"potentialAction\":[{\"@type\":\"SearchAction\",\"target\":{\"@type\":\"EntryPoint\",\"urlTemplate\":\"https:\/\/www.jhstaal.com\/sv\/?s={search_term_string}\"},\"query-input\":\"required name=search_term_string\"}],\"inLanguage\":\"sv-SE\"},{\"@type\":\"Organization\",\"@id\":\"https:\/\/www.jhstaal.com\/sv\/#organization\",\"name\":\"JH St\u00e5lindustri A\/S\",\"url\":\"https:\/\/www.jhstaal.com\/sv\/\",\"logo\":{\"@type\":\"ImageObject\",\"inLanguage\":\"sv-SE\",\"@id\":\"https:\/\/www.jhstaal.com\/sv\/#\/schema\/logo\/image\/\",\"url\":\"\/wp-content\/uploads\/2016\/09\/JHstaal-LOGO-600px.jpg\",\"contentUrl\":\"\/wp-content\/uploads\/2016\/09\/JHstaal-LOGO-600px.jpg\",\"width\":600,\"height\":160,\"caption\":\"JH St\u00e5lindustri A\/S\"},\"image\":{\"@id\":\"https:\/\/www.jhstaal.com\/sv\/#\/schema\/logo\/image\/\"}}]}<\/script>\n<!-- \/ Yoast SEO plugin. -->","yoast_head_json":{"title":"Processenheter och processanl\u00e4ggningar | Beg\u00e4r offert","description":"JH St\u00e5lindustri A\/S erbjuder tillverkning av kompletta processanl\u00e4ggningar. Vi tillverkar i n\u00e4ra dialog med kunden s\u00e5 att anl\u00e4ggningen uppfyller alla produktionsbehov.","robots":{"index":"index","follow":"follow","max-snippet":"max-snippet:-1","max-image-preview":"max-image-preview:large","max-video-preview":"max-video-preview:-1"},"canonical":"https:\/\/www.jhstaal.com\/sv\/produkter\/processenheter\/","og_locale":"sv_SE","og_type":"article","og_title":"Processenheter och processanl\u00e4ggningar | Beg\u00e4r offert","og_description":"JH St\u00e5lindustri A\/S erbjuder tillverkning av kompletta processanl\u00e4ggningar. Vi tillverkar i n\u00e4ra dialog med kunden s\u00e5 att anl\u00e4ggningen uppfyller alla produktionsbehov.","og_url":"https:\/\/www.jhstaal.com\/sv\/produkter\/processenheter\/","og_site_name":"JH St&aring;lindustri A\/S","article_modified_time":"2026-04-24T11:57:34+00:00","twitter_card":"summary_large_image","twitter_misc":{"Ber\u00e4knad l\u00e4stid":"4 minuter"},"schema":{"@context":"https:\/\/schema.org","@graph":[{"@type":"WebPage","@id":"https:\/\/www.jhstaal.com\/sv\/produkter\/processenheter\/","url":"https:\/\/www.jhstaal.com\/sv\/produkter\/processenheter\/","name":"Processenheter och processanl\u00e4ggningar | Beg\u00e4r offert","isPartOf":{"@id":"https:\/\/www.jhstaal.com\/sv\/#website"},"datePublished":"2020-12-10T13:45:20+00:00","dateModified":"2026-04-24T11:57:34+00:00","description":"JH St\u00e5lindustri A\/S erbjuder tillverkning av kompletta processanl\u00e4ggningar. Vi tillverkar i n\u00e4ra dialog med kunden s\u00e5 att anl\u00e4ggningen uppfyller alla produktionsbehov.","breadcrumb":{"@id":"https:\/\/www.jhstaal.com\/sv\/produkter\/processenheter\/#breadcrumb"},"inLanguage":"sv-SE","potentialAction":[{"@type":"ReadAction","target":["https:\/\/www.jhstaal.com\/sv\/produkter\/processenheter\/"]}]},{"@type":"BreadcrumbList","@id":"https:\/\/www.jhstaal.com\/sv\/produkter\/processenheter\/#breadcrumb","itemListElement":[{"@type":"ListItem","position":1,"name":"Hjem","item":"https:\/\/www.jhstaal.dk\/sv\/"},{"@type":"ListItem","position":2,"name":"Rostfria tankar","item":"https:\/\/www.jhstaal.dk\/sv\/produkter\/"},{"@type":"ListItem","position":3,"name":"Processenheter"}]},{"@type":"WebSite","@id":"https:\/\/www.jhstaal.com\/sv\/#website","url":"https:\/\/www.jhstaal.com\/sv\/","name":"JH St&aring;lindustri A\/S","description":"St&aring;ltanke","publisher":{"@id":"https:\/\/www.jhstaal.com\/sv\/#organization"},"potentialAction":[{"@type":"SearchAction","target":{"@type":"EntryPoint","urlTemplate":"https:\/\/www.jhstaal.com\/sv\/?s={search_term_string}"},"query-input":"required name=search_term_string"}],"inLanguage":"sv-SE"},{"@type":"Organization","@id":"https:\/\/www.jhstaal.com\/sv\/#organization","name":"JH St\u00e5lindustri A\/S","url":"https:\/\/www.jhstaal.com\/sv\/","logo":{"@type":"ImageObject","inLanguage":"sv-SE","@id":"https:\/\/www.jhstaal.com\/sv\/#\/schema\/logo\/image\/","url":"\/wp-content\/uploads\/2016\/09\/JHstaal-LOGO-600px.jpg","contentUrl":"\/wp-content\/uploads\/2016\/09\/JHstaal-LOGO-600px.jpg","width":600,"height":160,"caption":"JH St\u00e5lindustri A\/S"},"image":{"@id":"https:\/\/www.jhstaal.com\/sv\/#\/schema\/logo\/image\/"}}]}},"_links":{"self":[{"href":"https:\/\/www.jhstaal.com\/sv\/wp-json\/wp\/v2\/pages\/4266"}],"collection":[{"href":"https:\/\/www.jhstaal.com\/sv\/wp-json\/wp\/v2\/pages"}],"about":[{"href":"https:\/\/www.jhstaal.com\/sv\/wp-json\/wp\/v2\/types\/page"}],"author":[{"embeddable":true,"href":"https:\/\/www.jhstaal.com\/sv\/wp-json\/wp\/v2\/users\/10"}],"replies":[{"embeddable":true,"href":"https:\/\/www.jhstaal.com\/sv\/wp-json\/wp\/v2\/comments?post=4266"}],"version-history":[{"count":2,"href":"https:\/\/www.jhstaal.com\/sv\/wp-json\/wp\/v2\/pages\/4266\/revisions"}],"predecessor-version":[{"id":7135,"href":"https:\/\/www.jhstaal.com\/sv\/wp-json\/wp\/v2\/pages\/4266\/revisions\/7135"}],"up":[{"embeddable":true,"href":"https:\/\/www.jhstaal.com\/sv\/wp-json\/wp\/v2\/pages\/4235"}],"wp:attachment":[{"href":"https:\/\/www.jhstaal.com\/sv\/wp-json\/wp\/v2\/media?parent=4266"}],"curies":[{"name":"wp","href":"https:\/\/api.w.org\/{rel}","templated":true}]}}