{"id":4175,"date":"2020-12-10T13:04:54","date_gmt":"2020-12-10T13:04:54","guid":{"rendered":"https:\/\/jhstaal.com\/branscher\/"},"modified":"2020-12-14T08:01:42","modified_gmt":"2020-12-14T08:01:42","slug":"branscher","status":"publish","type":"page","link":"https:\/\/www.jhstaal.com\/sv\/branscher\/","title":{"rendered":"Branscher"},"content":{"rendered":"<div class=\"wpb-content-wrapper\"><p>[vc_row][vc_column]<div class=\"gap\" style=\"line-height: 20px; height: 20px;\"><\/div>[\/vc_column][\/vc_row][vc_row][vc_column][vc_column_text]JH St\u00e5lindustri \u00e4r f\u00f6rstahandsvald leverant\u00f6r f\u00f6r ett antal stora f\u00f6retag inom industrier som livsmedelsindustri, mejeriindustri, kemisk industri, l\u00e4kemedelsindustri, fiskerin\u00e4ringen och vattenverk. V\u00e5r l\u00e5nga erfarenhet har gett oss stor insikt och expertis inom tillverkning av tankar och processutrustning till dessa industrier. L\u00e4s mer om v\u00e5ra enskilda st\u00f6rsta industrier nedan.[\/vc_column_text][\/vc_column][\/vc_row][vc_row][vc_column]<div class=\"gap\" style=\"line-height: 20px; height: 20px;\"><\/div>[\/vc_column][\/vc_row][vc_row type=&#8221;vc_default&#8221; full_width=&#8221;stretch_row&#8221; equal_height=&#8221;yes&#8221; bg_type=&#8221;bg_color&#8221; css=&#8221;.vc_custom_1567534493288{margin-right: 4px !important;margin-bottom: -5px !important;margin-left: 4px !important;}&#8221; bg_color_value=&#8221;#303030&#8243;][vc_column][vc_row_inner css=&#8221;.vc_custom_1504639140776{margin-bottom: 20px !important;}&#8221;][vc_column_inner css=&#8221;.vc_custom_1504639209951{margin-bottom: 10px !important;}&#8221;][vc_column_text][\/vc_column_text][\/vc_column_inner][\/vc_row_inner][vc_row_inner equal_height=&#8221;yes&#8221; content_placement=&#8221;top&#8221; gap=&#8221;15&#8243;][vc_column_inner width=&#8221;1\/3&#8243;][vc_single_image image=&#8221;1630&#8243; img_size=&#8221;full&#8221; alignment=&#8221;center&#8221; style=&#8221;vc_box_border&#8221; border_color=&#8221;black&#8221; onclick=&#8221;custom_link&#8221; css_animation=&#8221;none&#8221; link=&#8221;\/sv\/branscher\/mejeri-industrin\/&#8221; css=&#8221;.vc_custom_1607932798021{margin-top: -35px !important;margin-bottom: 10px !important;}&#8221;]<span id=\"creative-link-wrap-8942\" class=\"ult_main_cl ult-adjust-bottom-margin  \" >\n\t \t\t\t<span class=\"ult_cl_link_6  ult_crlink\" >\n\t\t\t\t\t<a  data-ultimate-target='#creative-link-wrap-8942 .ult_colorlink'  data-responsive-json-new='{\"font-size\":\"\",\"line-height\":\"\"}'  href=\"\/sv\/branscher\/mejeri-industrin\/\" title=\"L\u00e4s mer om mejeri-industrin\"  class=\"ult_colorlink ult-responsive  vc_custom_1607932805095\" style=\"font-weight:normal;color:#afafaf; \"  data-textcolor=\"#f2f2f2\" data-texthover=\"#afafaf\"data-style=\"Style_6\">\n\t\t\t\t\t\t\n\t\t\t\t\t\t<span data-hover=\"Mejeri-industrin\" style=\"color:#f2f2f2;;;\" class=\"ult_btn10_span   \">Mejeri-industrin<\/span>\n\t\t\t\t\t\t<span class=\"ult_btn6_link_top \" data-color=\"#afafaf\">\u2022<\/span>\n\t\t\t\t\t<\/a>\n\t\t\t\t<\/span>\n\t\t\t<\/span>[\/vc_column_inner][vc_column_inner width=&#8221;1\/3&#8243;][vc_single_image image=&#8221;1621&#8243; img_size=&#8221;full&#8221; alignment=&#8221;center&#8221; style=&#8221;vc_box_border&#8221; border_color=&#8221;black&#8221; onclick=&#8221;custom_link&#8221; css_animation=&#8221;none&#8221; link=&#8221;\/sv\/branscher\/livsmedelsindustrin\/&#8221; css=&#8221;.vc_custom_1607932814331{margin-top: -35px !important;margin-bottom: 10px !important;}&#8221;]<span id=\"creative-link-wrap-6626\" class=\"ult_main_cl ult-adjust-bottom-margin  \" >\n\t \t\t\t<span class=\"ult_cl_link_6  ult_crlink\" >\n\t\t\t\t\t<a  data-ultimate-target='#creative-link-wrap-6626 .ult_colorlink'  data-responsive-json-new='{\"font-size\":\"\",\"line-height\":\"\"}'  href=\"\/sv\/branscher\/livsmedelsindustrin\/\" title=\"L\u00e4s mer om livsmedelsindustrin\"  class=\"ult_colorlink ult-responsive  vc_custom_1607932820798\" style=\"font-weight:normal;color:#afafaf; \"  data-textcolor=\"#f2f2f2\" data-texthover=\"#afafaf\"data-style=\"Style_6\">\n\t\t\t\t\t\t\n\t\t\t\t\t\t<span data-hover=\"Livsmedelsindustrin\" style=\"color:#f2f2f2;;;\" class=\"ult_btn10_span   \">Livsmedelsindustrin<\/span>\n\t\t\t\t\t\t<span class=\"ult_btn6_link_top \" data-color=\"#afafaf\">\u2022<\/span>\n\t\t\t\t\t<\/a>\n\t\t\t\t<\/span>\n\t\t\t<\/span>[\/vc_column_inner][vc_column_inner width=&#8221;1\/3&#8243;][vc_single_image image=&#8221;1612&#8243; img_size=&#8221;full&#8221; alignment=&#8221;center&#8221; style=&#8221;vc_box_border&#8221; border_color=&#8221;black&#8221; onclick=&#8221;custom_link&#8221; css_animation=&#8221;none&#8221; link=&#8221;\/sv\/branscher\/laekemedelsindustrin\/&#8221; css=&#8221;.vc_custom_1607932833117{margin-top: -35px !important;margin-bottom: 10px !important;}&#8221;]<span id=\"creative-link-wrap-2792\" class=\"ult_main_cl ult-adjust-bottom-margin  \" >\n\t \t\t\t<span class=\"ult_cl_link_6  ult_crlink\" >\n\t\t\t\t\t<a  data-ultimate-target='#creative-link-wrap-2792 .ult_colorlink'  data-responsive-json-new='{\"font-size\":\"\",\"line-height\":\"\"}'  href=\"\/sv\/branscher\/laekemedelsindustrin\/\" title=\"L\u00e4s mer om l\u00e4kemedelsindustrin\"  class=\"ult_colorlink ult-responsive  vc_custom_1607932841528\" style=\"font-weight:normal;color:#afafaf; \"  data-textcolor=\"#f2f2f2\" data-texthover=\"#afafaf\"data-style=\"Style_6\">\n\t\t\t\t\t\t\n\t\t\t\t\t\t<span data-hover=\"L\u00e4kemedelsindustrin\" style=\"color:#f2f2f2;;;\" class=\"ult_btn10_span   \">L\u00e4kemedelsindustrin<\/span>\n\t\t\t\t\t\t<span class=\"ult_btn6_link_top \" data-color=\"#afafaf\">\u2022<\/span>\n\t\t\t\t\t<\/a>\n\t\t\t\t<\/span>\n\t\t\t<\/span>[\/vc_column_inner][\/vc_row_inner][vc_row_inner equal_height=&#8221;yes&#8221; content_placement=&#8221;top&#8221; gap=&#8221;15&#8243;][vc_column_inner width=&#8221;1\/3&#8243;][vc_single_image image=&#8221;1682&#8243; img_size=&#8221;full&#8221; alignment=&#8221;center&#8221; style=&#8221;vc_box_border&#8221; border_color=&#8221;black&#8221; onclick=&#8221;custom_link&#8221; css_animation=&#8221;none&#8221; link=&#8221;\/sv\/branscher\/vattenverk\/&#8221; css=&#8221;.vc_custom_1607932851423{margin-top: -35px !important;margin-bottom: 2px !important;}&#8221;]<span id=\"creative-link-wrap-1144\" class=\"ult_main_cl ult-adjust-bottom-margin  \" >\n\t \t\t\t<span class=\"ult_cl_link_6  ult_crlink\" >\n\t\t\t\t\t<a  data-ultimate-target='#creative-link-wrap-1144 .ult_colorlink'  data-responsive-json-new='{\"font-size\":\"\",\"line-height\":\"\"}'  href=\"\/sv\/branscher\/vattenverk\/\" title=\"L\u00e4s mer om vattenverk\"  class=\"ult_colorlink ult-responsive \" style=\"font-weight:normal;color:#afafaf; \"  data-textcolor=\"#f2f2f2\" data-texthover=\"#afafaf\"data-style=\"Style_6\">\n\t\t\t\t\t\t\n\t\t\t\t\t\t<span data-hover=\"Vattenverk\" style=\"color:#f2f2f2;;;\" class=\"ult_btn10_span   \">Vattenverk<\/span>\n\t\t\t\t\t\t<span class=\"ult_btn6_link_top \" data-color=\"#afafaf\">\u2022<\/span>\n\t\t\t\t\t<\/a>\n\t\t\t\t<\/span>\n\t\t\t<\/span>[\/vc_column_inner][vc_column_inner width=&#8221;1\/3&#8243;][vc_single_image image=&#8221;1616&#8243; img_size=&#8221;full&#8221; alignment=&#8221;center&#8221; style=&#8221;vc_box_border&#8221; border_color=&#8221;black&#8221; onclick=&#8221;custom_link&#8221; css_animation=&#8221;none&#8221; link=&#8221;\/sv\/branscher\/fiskeindustrin\/&#8221; css=&#8221;.vc_custom_1607932875141{margin-top: -35px !important;margin-bottom: 2px !important;}&#8221;]<span id=\"creative-link-wrap-3789\" class=\"ult_main_cl ult-adjust-bottom-margin  \" >\n\t \t\t\t<span class=\"ult_cl_link_6  ult_crlink\" >\n\t\t\t\t\t<a  data-ultimate-target='#creative-link-wrap-3789 .ult_colorlink'  data-responsive-json-new='{\"font-size\":\"\",\"line-height\":\"\"}'  href=\"\/sv\/branscher\/fiskeindustrin\/\" title=\"L\u00e4s mer om fiskeindustrin\"  class=\"ult_colorlink ult-responsive \" style=\"font-weight:normal;color:#afafaf; \"  data-textcolor=\"#f2f2f2\" data-texthover=\"#afafaf\"data-style=\"Style_6\">\n\t\t\t\t\t\t\n\t\t\t\t\t\t<span data-hover=\"Fiskeindustrin\" style=\"color:#f2f2f2;;;\" class=\"ult_btn10_span   \">Fiskeindustrin<\/span>\n\t\t\t\t\t\t<span class=\"ult_btn6_link_top \" data-color=\"#afafaf\">\u2022<\/span>\n\t\t\t\t\t<\/a>\n\t\t\t\t<\/span>\n\t\t\t<\/span>[\/vc_column_inner][vc_column_inner width=&#8221;1\/3&#8243;][vc_single_image image=&#8221;1626&#8243; img_size=&#8221;full&#8221; alignment=&#8221;center&#8221; style=&#8221;vc_box_border&#8221; border_color=&#8221;black&#8221; onclick=&#8221;custom_link&#8221; css_animation=&#8221;none&#8221; link=&#8221;\/sv\/branscher\/kemisk-industri\/&#8221; css=&#8221;.vc_custom_1607932891438{margin-top: -35px !important;margin-bottom: 2px !important;}&#8221;]<span id=\"creative-link-wrap-4578\" class=\"ult_main_cl ult-adjust-bottom-margin  \" >\n\t \t\t\t<span class=\"ult_cl_link_6  ult_crlink\" >\n\t\t\t\t\t<a  data-ultimate-target='#creative-link-wrap-4578 .ult_colorlink'  data-responsive-json-new='{\"font-size\":\"\",\"line-height\":\"\"}'  href=\"\/sv\/branscher\/kemisk-industri\/\" title=\"L\u00e4s mer om kemisk industri\"  class=\"ult_colorlink ult-responsive \" style=\"font-weight:normal;color:#afafaf; \"  data-textcolor=\"#f2f2f2\" data-texthover=\"#afafaf\"data-style=\"Style_6\">\n\t\t\t\t\t\t\n\t\t\t\t\t\t<span data-hover=\"Kemisk industri\" style=\"color:#f2f2f2;;;\" class=\"ult_btn10_span   \">Kemisk industri<\/span>\n\t\t\t\t\t\t<span class=\"ult_btn6_link_top \" data-color=\"#afafaf\">\u2022<\/span>\n\t\t\t\t\t<\/a>\n\t\t\t\t<\/span>\n\t\t\t<\/span>[\/vc_column_inner][\/vc_row_inner][\/vc_column][\/vc_row][vc_row type=&#8221;vc_default&#8221; full_width=&#8221;stretch_row&#8221; bg_type=&#8221;bg_color&#8221; css=&#8221;.vc_custom_1567534511045{padding-top: 10px !important;}&#8221;][\/vc_row][vc_column width=&#8221;1\/2&#8243;][\/vc_column][vc_column_text css=&#8221;.vc_custom_1504688282372{padding-bottom: -20px !important;}&#8221;][\/vc_column_text]<\/p>\n<\/div>","protected":false},"excerpt":{"rendered":"<p>[vc_row][vc_column][\/vc_column][\/vc_row][vc_row][vc_column][vc_column_text]JH St\u00e5lindustri \u00e4r f\u00f6rstahandsvald leverant\u00f6r f\u00f6r ett antal stora f\u00f6retag inom industrier som livsmedelsindustri, mejeriindustri, kemisk industri, l\u00e4kemedelsindustri, fiskerin\u00e4ringen och vattenverk. V\u00e5r l\u00e5nga erfarenhet har gett oss stor insikt och expertis inom tillverkning av tankar och processutrustning till dessa industrier. L\u00e4s mer om v\u00e5ra enskilda st\u00f6rsta industrier nedan.[\/vc_column_text][\/vc_column][\/vc_row][vc_row][vc_column][\/vc_column][\/vc_row][vc_row type=&#8221;vc_default&#8221; full_width=&#8221;stretch_row&#8221; equal_height=&#8221;yes&#8221; bg_type=&#8221;bg_color&#8221; css=&#8221;.vc_custom_1567534493288{margin-right: 4px !important;margin-bottom:&hellip;<\/p>\n","protected":false},"author":10,"featured_media":0,"parent":0,"menu_order":0,"comment_status":"closed","ping_status":"closed","template":"","meta":{"footnotes":""},"yoast_head":"<!-- This site is optimized with the Yoast SEO plugin v22.2 - https:\/\/yoast.com\/wordpress\/plugins\/seo\/ -->\n<title>Branscher &#8211; JH St&aring;lindustri A\/S<\/title>\n<meta name=\"robots\" content=\"index, follow, max-snippet:-1, max-image-preview:large, max-video-preview:-1\" \/>\n<link rel=\"canonical\" href=\"https:\/\/www.jhstaal.com\/sv\/branscher\/\" \/>\n<meta property=\"og:locale\" content=\"sv_SE\" \/>\n<meta property=\"og:type\" content=\"article\" \/>\n<meta property=\"og:title\" content=\"Branscher &#8211; JH St&aring;lindustri A\/S\" \/>\n<meta property=\"og:description\" content=\"[vc_row][vc_column][\/vc_column][\/vc_row][vc_row][vc_column][vc_column_text]JH St\u00e5lindustri \u00e4r f\u00f6rstahandsvald leverant\u00f6r f\u00f6r ett antal stora f\u00f6retag inom industrier som livsmedelsindustri, mejeriindustri, kemisk industri, l\u00e4kemedelsindustri, fiskerin\u00e4ringen och vattenverk. V\u00e5r l\u00e5nga erfarenhet har gett oss stor insikt och expertis inom tillverkning av tankar och processutrustning till dessa industrier. L\u00e4s mer om v\u00e5ra enskilda st\u00f6rsta industrier nedan.[\/vc_column_text][\/vc_column][\/vc_row][vc_row][vc_column][\/vc_column][\/vc_row][vc_row type=&#8221;vc_default&#8221; full_width=&#8221;stretch_row&#8221; equal_height=&#8221;yes&#8221; bg_type=&#8221;bg_color&#8221; css=&#8221;.vc_custom_1567534493288{margin-right: 4px !important;margin-bottom:&hellip;\" \/>\n<meta property=\"og:url\" content=\"https:\/\/www.jhstaal.com\/sv\/branscher\/\" \/>\n<meta property=\"og:site_name\" content=\"JH St&aring;lindustri A\/S\" \/>\n<meta property=\"article:modified_time\" content=\"2020-12-14T08:01:42+00:00\" \/>\n<meta name=\"twitter:card\" content=\"summary_large_image\" \/>\n<meta name=\"twitter:label1\" content=\"Ber\u00e4knad l\u00e4stid\" \/>\n\t<meta name=\"twitter:data1\" content=\"4 minuter\" \/>\n<script type=\"application\/ld+json\" class=\"yoast-schema-graph\">{\"@context\":\"https:\/\/schema.org\",\"@graph\":[{\"@type\":\"WebPage\",\"@id\":\"https:\/\/www.jhstaal.com\/sv\/branscher\/\",\"url\":\"https:\/\/www.jhstaal.com\/sv\/branscher\/\",\"name\":\"Branscher &#8211; JH St&aring;lindustri A\/S\",\"isPartOf\":{\"@id\":\"https:\/\/jhstaal.dk\/#website\"},\"datePublished\":\"2020-12-10T13:04:54+00:00\",\"dateModified\":\"2020-12-14T08:01:42+00:00\",\"breadcrumb\":{\"@id\":\"https:\/\/www.jhstaal.com\/sv\/branscher\/#breadcrumb\"},\"inLanguage\":\"sv-SE\",\"potentialAction\":[{\"@type\":\"ReadAction\",\"target\":[\"https:\/\/www.jhstaal.com\/sv\/branscher\/\"]}]},{\"@type\":\"BreadcrumbList\",\"@id\":\"https:\/\/www.jhstaal.com\/sv\/branscher\/#breadcrumb\",\"itemListElement\":[{\"@type\":\"ListItem\",\"position\":1,\"name\":\"Hjem\",\"item\":\"https:\/\/www.jhstaal.dk\/sv\/\"},{\"@type\":\"ListItem\",\"position\":2,\"name\":\"Branscher\"}]},{\"@type\":\"WebSite\",\"@id\":\"https:\/\/jhstaal.dk\/#website\",\"url\":\"https:\/\/jhstaal.dk\/\",\"name\":\"JH St&aring;lindustri A\/S\",\"description\":\"St&aring;ltanke\",\"publisher\":{\"@id\":\"https:\/\/jhstaal.dk\/#organization\"},\"potentialAction\":[{\"@type\":\"SearchAction\",\"target\":{\"@type\":\"EntryPoint\",\"urlTemplate\":\"https:\/\/jhstaal.dk\/?s={search_term_string}\"},\"query-input\":\"required name=search_term_string\"}],\"inLanguage\":\"sv-SE\"},{\"@type\":\"Organization\",\"@id\":\"https:\/\/jhstaal.dk\/#organization\",\"name\":\"JH St\u00e5lindustri A\/S\",\"url\":\"https:\/\/jhstaal.dk\/\",\"logo\":{\"@type\":\"ImageObject\",\"inLanguage\":\"sv-SE\",\"@id\":\"https:\/\/jhstaal.dk\/#\/schema\/logo\/image\/\",\"url\":\"\/wp-content\/uploads\/2016\/09\/JHstaal-LOGO-600px.jpg\",\"contentUrl\":\"\/wp-content\/uploads\/2016\/09\/JHstaal-LOGO-600px.jpg\",\"width\":600,\"height\":160,\"caption\":\"JH St\u00e5lindustri A\/S\"},\"image\":{\"@id\":\"https:\/\/jhstaal.dk\/#\/schema\/logo\/image\/\"}}]}<\/script>\n<!-- \/ Yoast SEO plugin. -->","yoast_head_json":{"title":"Branscher &#8211; JH St&aring;lindustri A\/S","robots":{"index":"index","follow":"follow","max-snippet":"max-snippet:-1","max-image-preview":"max-image-preview:large","max-video-preview":"max-video-preview:-1"},"canonical":"https:\/\/www.jhstaal.com\/sv\/branscher\/","og_locale":"sv_SE","og_type":"article","og_title":"Branscher &#8211; JH St&aring;lindustri A\/S","og_description":"[vc_row][vc_column][\/vc_column][\/vc_row][vc_row][vc_column][vc_column_text]JH St\u00e5lindustri \u00e4r f\u00f6rstahandsvald leverant\u00f6r f\u00f6r ett antal stora f\u00f6retag inom industrier som livsmedelsindustri, mejeriindustri, kemisk industri, l\u00e4kemedelsindustri, fiskerin\u00e4ringen och vattenverk. V\u00e5r l\u00e5nga erfarenhet har gett oss stor insikt och expertis inom tillverkning av tankar och processutrustning till dessa industrier. L\u00e4s mer om v\u00e5ra enskilda st\u00f6rsta industrier nedan.[\/vc_column_text][\/vc_column][\/vc_row][vc_row][vc_column][\/vc_column][\/vc_row][vc_row type=&#8221;vc_default&#8221; full_width=&#8221;stretch_row&#8221; equal_height=&#8221;yes&#8221; bg_type=&#8221;bg_color&#8221; css=&#8221;.vc_custom_1567534493288{margin-right: 4px !important;margin-bottom:&hellip;","og_url":"https:\/\/www.jhstaal.com\/sv\/branscher\/","og_site_name":"JH St&aring;lindustri A\/S","article_modified_time":"2020-12-14T08:01:42+00:00","twitter_card":"summary_large_image","twitter_misc":{"Ber\u00e4knad l\u00e4stid":"4 minuter"},"schema":{"@context":"https:\/\/schema.org","@graph":[{"@type":"WebPage","@id":"https:\/\/www.jhstaal.com\/sv\/branscher\/","url":"https:\/\/www.jhstaal.com\/sv\/branscher\/","name":"Branscher &#8211; JH St&aring;lindustri A\/S","isPartOf":{"@id":"https:\/\/jhstaal.dk\/#website"},"datePublished":"2020-12-10T13:04:54+00:00","dateModified":"2020-12-14T08:01:42+00:00","breadcrumb":{"@id":"https:\/\/www.jhstaal.com\/sv\/branscher\/#breadcrumb"},"inLanguage":"sv-SE","potentialAction":[{"@type":"ReadAction","target":["https:\/\/www.jhstaal.com\/sv\/branscher\/"]}]},{"@type":"BreadcrumbList","@id":"https:\/\/www.jhstaal.com\/sv\/branscher\/#breadcrumb","itemListElement":[{"@type":"ListItem","position":1,"name":"Hjem","item":"https:\/\/www.jhstaal.dk\/sv\/"},{"@type":"ListItem","position":2,"name":"Branscher"}]},{"@type":"WebSite","@id":"https:\/\/jhstaal.dk\/#website","url":"https:\/\/jhstaal.dk\/","name":"JH St&aring;lindustri A\/S","description":"St&aring;ltanke","publisher":{"@id":"https:\/\/jhstaal.dk\/#organization"},"potentialAction":[{"@type":"SearchAction","target":{"@type":"EntryPoint","urlTemplate":"https:\/\/jhstaal.dk\/?s={search_term_string}"},"query-input":"required name=search_term_string"}],"inLanguage":"sv-SE"},{"@type":"Organization","@id":"https:\/\/jhstaal.dk\/#organization","name":"JH St\u00e5lindustri A\/S","url":"https:\/\/jhstaal.dk\/","logo":{"@type":"ImageObject","inLanguage":"sv-SE","@id":"https:\/\/jhstaal.dk\/#\/schema\/logo\/image\/","url":"\/wp-content\/uploads\/2016\/09\/JHstaal-LOGO-600px.jpg","contentUrl":"\/wp-content\/uploads\/2016\/09\/JHstaal-LOGO-600px.jpg","width":600,"height":160,"caption":"JH St\u00e5lindustri A\/S"},"image":{"@id":"https:\/\/jhstaal.dk\/#\/schema\/logo\/image\/"}}]}},"_links":{"self":[{"href":"https:\/\/www.jhstaal.com\/sv\/wp-json\/wp\/v2\/pages\/4175"}],"collection":[{"href":"https:\/\/www.jhstaal.com\/sv\/wp-json\/wp\/v2\/pages"}],"about":[{"href":"https:\/\/www.jhstaal.com\/sv\/wp-json\/wp\/v2\/types\/page"}],"author":[{"embeddable":true,"href":"https:\/\/www.jhstaal.com\/sv\/wp-json\/wp\/v2\/users\/10"}],"replies":[{"embeddable":true,"href":"https:\/\/www.jhstaal.com\/sv\/wp-json\/wp\/v2\/comments?post=4175"}],"version-history":[{"count":0,"href":"https:\/\/www.jhstaal.com\/sv\/wp-json\/wp\/v2\/pages\/4175\/revisions"}],"wp:attachment":[{"href":"https:\/\/www.jhstaal.com\/sv\/wp-json\/wp\/v2\/media?parent=4175"}],"curies":[{"name":"wp","href":"https:\/\/api.w.org\/{rel}","templated":true}]}}