{"id":4112,"date":"2020-12-10T11:47:07","date_gmt":"2020-12-10T11:47:07","guid":{"rendered":"https:\/\/jhstaal.com\/kvalitetssikring\/"},"modified":"2020-12-14T13:54:48","modified_gmt":"2020-12-14T13:54:48","slug":"kvalitetssikring","status":"publish","type":"page","link":"https:\/\/www.jhstaal.com\/nb\/kvalitetssikring\/","title":{"rendered":"Kvalitetssikring"},"content":{"rendered":"<div class=\"wpb-content-wrapper\"><h1 style=\"text-align: center;\">Kvalitetssikring<\/h1>\n<p>[vc_row type=&raquo;vc_default&raquo; full_width=&raquo;stretch_row&raquo; bg_type=&raquo;bg_color&raquo;][vc_column][vc_column_text]<\/p>\n<p>Hos JH St\u00e5lindustri er vi eksperter p\u00e5 \u00e5 levere tanker av h\u00f8yeste kvalitet hvor vi leverer til og med de vanskeligste spesifikasjonene og de skarpeste kravene. Vi er en teknisk faglig og kompetent organisasjon, som s\u00f8rger for at kundens tekniske og dokumentasjonskrav alltid blir oppfylt.<\/p>\n<div class=\"gap\" style=\"line-height: 20px; height: 20px;\"><\/div>\n<h3><span lang=\"NO-BOK\">Tett dialog med kunden<\/span><\/h3>\n<div class=\"gap\" style=\"line-height: 20px; height: 20px;\"><\/div>\n<p>Hos JH St\u00e5lindustri A \/ S legger vi stor vekt p\u00e5 dialog med kunder. Dette er det viktigste trinnet for \u00e5 sikre kvaliteten p\u00e5 den ferdige leveransen. Gjennom den tette p\u00e5g\u00e5ende dialogen tilpasses og utvikles produktet for \u00e5 im\u00f8tekomme alle kundens \u00f8nsker. I denne konsulentprosessen bruker vi 3D-tegninger for \u00e5 \u00f8ke den tekniske og visuelle forst\u00e5elsen. Dette avklarer ofte nye behov eller enest\u00e5ende utfordringer for kunden, som dermed kan tilpasses den ferdige l\u00f8sningen.<\/p>\n<div class=\"gap\" style=\"line-height: 20px; height: 20px;\"><\/div>\n<h3><span lang=\"NO-BOK\">Ingeni\u00f8rfag<\/span><\/h3>\n<div class=\"gap\" style=\"line-height: 20px; height: 20px;\"><\/div>\n<p>N\u00e5r det gjelder selve beregningen, er det mange ting \u00e5 ta hensyn til. Her kommer v\u00e5r mange\u00e5rige erfaring hos JH St\u00e5lindustri til gode for kunden. Vi har den n\u00f8dvendige kompetansen for \u00e5 sikre riktig materialvalg, samt veiledning om bruk av spesielle legeringer og korrosjonsbestandighet. Alle trykktanker er beregnet i samsvar med EN 13445. Det stilles ofte krav til levetidsberegninger, som er av avgj\u00f8rende betydning for riktig valg av hovedkomponentene til tanken. I tillegg kan vi beregne det termiske kappeomr\u00e5det hvis det er behov for \u00e5 opprettholde eller endre temperaturen i en tank. I tillegg kan alle tanker leveres og om n\u00f8dvendig beregnes for riktig isolasjonstykkelse.<\/p>\n<div class=\"gap\" style=\"line-height: 20px; height: 20px;\"><\/div>\n<h3><span lang=\"NO-BOK\">Hygienisk produksjon<\/span><\/h3>\n<div class=\"gap\" style=\"line-height: 20px; height: 20px;\"><\/div>\n<p>Hos JH St\u00e5lindustri er vi spesialister p\u00e5 produksjon av tanker for aseptisk produksjon. Vi har mange \u00e5rs erfaring med levering til n\u00e6ringsmiddelindustrien og farmas\u00f8ytisk industri. Derfor vet vi at produksjon av tanker i milj\u00f8er der det er veldig spesielle forhold rundt rengj\u00f8ring og korrosjon, stiller krav til teknisk kunnskap og h\u00e5ndverkskvalitet fra start til slutt. Vi har de n\u00f8dvendige maskinene og kompetansen for \u00e5 sikre korrekte overflater for effektiv rengj\u00f8ring. I tillegg, med mange \u00e5rs erfaring, har vi stor teknisk ekspertise n\u00e5r det gjelder r\u00e5d om CIP, inkludert design, plassering og valg av vaskekugel og turbin, som alle til slutt er avgj\u00f8rende for riktig rengj\u00f8ring. Vi tilbyr alltid \u00e5 utf\u00f8re en riboflavintest av den ferdige l\u00f8sningen slik at vi kan demonstrere effektiv rengj\u00f8ring.<\/p>\n<div class=\"gap\" style=\"line-height: 20px; height: 20px;\"><\/div>\n<h3><span lang=\"NO-BOK\">Transparent dokumentasjon<\/span><\/h3>\n<div class=\"gap\" style=\"line-height: 20px; height: 20px;\"><\/div>\n<p>For oss er dokumentasjon et stikkord. Det er avgj\u00f8rende at dokumentasjonen er sporbar og korrekt. I tillegg har vi utviklet en detaljert database som holder oversikt over tegningsrevisjoner, delelister, materialsertifikater, sveisesertifikater, sveiseprosedyrer og sveiselogger osv. Det er et sikkert fundament som s\u00f8rger for at vi alltid er 100% transparente om v\u00e5re prosesser. Det ferdige produktet leveres derfor med full sporbarhet p\u00e5 en logisk og oversiktlig m\u00e5te.<\/p>\n<div class=\"gap\" style=\"line-height: 20px; height: 20px;\"><\/div>\n<h3><span lang=\"NO-BOK\">Sertifiseringer og standarder<\/span><\/h3>\n<div class=\"gap\" style=\"line-height: 20px; height: 20px;\"><\/div>\n<p>For trykktanker beregner vi i henhold til EN 13445. Trykkl\u00f8se tanker er basert p\u00e5 samme standard eller EN 1993-4 \/ EN 14015. V\u00e5re smeder er sertifiserte i henhold til EN ISO 9606-1 og EN ISO 14732. Vi har mange sveiseprosedyrer i EN ISO 15614-1 for flere legeringer, inkludert EN 1.4404 (316 l), EN 1.4539 (904L), EN 1.4462 (Duplex 2205), EN 1.4410 (Super Duplex 2507).<\/p>\n<p>&nbsp;<\/p>\n<p>&nbsp;<\/p>\n<\/div>","protected":false},"excerpt":{"rendered":"<p>Kvalitetssikring [vc_row type=&raquo;vc_default&raquo; full_width=&raquo;stretch_row&raquo; bg_type=&raquo;bg_color&raquo;][vc_column][vc_column_text] Hos JH St\u00e5lindustri er vi eksperter p\u00e5 \u00e5 levere tanker av h\u00f8yeste kvalitet hvor vi leverer til og med de vanskeligste spesifikasjonene og de skarpeste kravene. Vi er en teknisk faglig og kompetent organisasjon, som s\u00f8rger for at kundens tekniske og dokumentasjonskrav alltid blir oppfylt. Tett dialog med kunden Hos&hellip;<\/p>\n","protected":false},"author":10,"featured_media":0,"parent":0,"menu_order":0,"comment_status":"closed","ping_status":"closed","template":"","meta":{"footnotes":""},"yoast_head":"<!-- This site is optimized with the Yoast SEO plugin v22.2 - https:\/\/yoast.com\/wordpress\/plugins\/seo\/ -->\n<title>Kvalitetssikring &#8211; JH St&aring;lindustri A\/S<\/title>\n<meta name=\"robots\" content=\"index, follow, max-snippet:-1, max-image-preview:large, max-video-preview:-1\" \/>\n<link rel=\"canonical\" href=\"https:\/\/www.jhstaal.com\/nb\/kvalitetssikring\/\" \/>\n<meta property=\"og:locale\" content=\"nb_NO\" \/>\n<meta property=\"og:type\" content=\"article\" \/>\n<meta property=\"og:title\" content=\"Kvalitetssikring &#8211; JH St&aring;lindustri A\/S\" \/>\n<meta property=\"og:description\" content=\"Kvalitetssikring [vc_row type=&raquo;vc_default&raquo; full_width=&raquo;stretch_row&raquo; bg_type=&raquo;bg_color&raquo;][vc_column][vc_column_text] Hos JH St\u00e5lindustri er vi eksperter p\u00e5 \u00e5 levere tanker av h\u00f8yeste kvalitet hvor vi leverer til og med de vanskeligste spesifikasjonene og de skarpeste kravene. Vi er en teknisk faglig og kompetent organisasjon, som s\u00f8rger for at kundens tekniske og dokumentasjonskrav alltid blir oppfylt. Tett dialog med kunden Hos&hellip;\" \/>\n<meta property=\"og:url\" content=\"https:\/\/www.jhstaal.com\/nb\/kvalitetssikring\/\" \/>\n<meta property=\"og:site_name\" content=\"JH St&aring;lindustri A\/S\" \/>\n<meta property=\"article:modified_time\" content=\"2020-12-14T13:54:48+00:00\" \/>\n<meta name=\"twitter:card\" content=\"summary_large_image\" \/>\n<meta name=\"twitter:label1\" content=\"Ansl. lesetid\" \/>\n\t<meta name=\"twitter:data1\" content=\"3 minutter\" \/>\n<script type=\"application\/ld+json\" class=\"yoast-schema-graph\">{\"@context\":\"https:\/\/schema.org\",\"@graph\":[{\"@type\":\"WebPage\",\"@id\":\"https:\/\/www.jhstaal.com\/nb\/kvalitetssikring\/\",\"url\":\"https:\/\/www.jhstaal.com\/nb\/kvalitetssikring\/\",\"name\":\"Kvalitetssikring &#8211; JH St&aring;lindustri A\/S\",\"isPartOf\":{\"@id\":\"https:\/\/jhstaal.com\/#website\"},\"datePublished\":\"2020-12-10T11:47:07+00:00\",\"dateModified\":\"2020-12-14T13:54:48+00:00\",\"breadcrumb\":{\"@id\":\"https:\/\/www.jhstaal.com\/nb\/kvalitetssikring\/#breadcrumb\"},\"inLanguage\":\"nb-NO\",\"potentialAction\":[{\"@type\":\"ReadAction\",\"target\":[\"https:\/\/www.jhstaal.com\/nb\/kvalitetssikring\/\"]}]},{\"@type\":\"BreadcrumbList\",\"@id\":\"https:\/\/www.jhstaal.com\/nb\/kvalitetssikring\/#breadcrumb\",\"itemListElement\":[{\"@type\":\"ListItem\",\"position\":1,\"name\":\"Hjem\",\"item\":\"https:\/\/jhstaal.dk\/nb\/\"},{\"@type\":\"ListItem\",\"position\":2,\"name\":\"Kvalitetssikring\"}]},{\"@type\":\"WebSite\",\"@id\":\"https:\/\/jhstaal.com\/#website\",\"url\":\"https:\/\/jhstaal.com\/\",\"name\":\"JH St&aring;lindustri A\/S\",\"description\":\"St&aring;ltanke\",\"publisher\":{\"@id\":\"https:\/\/jhstaal.com\/#organization\"},\"potentialAction\":[{\"@type\":\"SearchAction\",\"target\":{\"@type\":\"EntryPoint\",\"urlTemplate\":\"https:\/\/jhstaal.com\/?s={search_term_string}\"},\"query-input\":\"required name=search_term_string\"}],\"inLanguage\":\"nb-NO\"},{\"@type\":\"Organization\",\"@id\":\"https:\/\/jhstaal.com\/#organization\",\"name\":\"JH St\u00e5lindustri A\/S\",\"url\":\"https:\/\/jhstaal.com\/\",\"logo\":{\"@type\":\"ImageObject\",\"inLanguage\":\"nb-NO\",\"@id\":\"https:\/\/jhstaal.com\/#\/schema\/logo\/image\/\",\"url\":\"\/wp-content\/uploads\/2016\/09\/JHstaal-LOGO-600px.jpg\",\"contentUrl\":\"\/wp-content\/uploads\/2016\/09\/JHstaal-LOGO-600px.jpg\",\"width\":600,\"height\":160,\"caption\":\"JH St\u00e5lindustri A\/S\"},\"image\":{\"@id\":\"https:\/\/jhstaal.com\/#\/schema\/logo\/image\/\"}}]}<\/script>\n<!-- \/ Yoast SEO plugin. -->","yoast_head_json":{"title":"Kvalitetssikring &#8211; JH St&aring;lindustri A\/S","robots":{"index":"index","follow":"follow","max-snippet":"max-snippet:-1","max-image-preview":"max-image-preview:large","max-video-preview":"max-video-preview:-1"},"canonical":"https:\/\/www.jhstaal.com\/nb\/kvalitetssikring\/","og_locale":"nb_NO","og_type":"article","og_title":"Kvalitetssikring &#8211; JH St&aring;lindustri A\/S","og_description":"Kvalitetssikring [vc_row type=&raquo;vc_default&raquo; full_width=&raquo;stretch_row&raquo; bg_type=&raquo;bg_color&raquo;][vc_column][vc_column_text] Hos JH St\u00e5lindustri er vi eksperter p\u00e5 \u00e5 levere tanker av h\u00f8yeste kvalitet hvor vi leverer til og med de vanskeligste spesifikasjonene og de skarpeste kravene. Vi er en teknisk faglig og kompetent organisasjon, som s\u00f8rger for at kundens tekniske og dokumentasjonskrav alltid blir oppfylt. Tett dialog med kunden Hos&hellip;","og_url":"https:\/\/www.jhstaal.com\/nb\/kvalitetssikring\/","og_site_name":"JH St&aring;lindustri A\/S","article_modified_time":"2020-12-14T13:54:48+00:00","twitter_card":"summary_large_image","twitter_misc":{"Ansl. lesetid":"3 minutter"},"schema":{"@context":"https:\/\/schema.org","@graph":[{"@type":"WebPage","@id":"https:\/\/www.jhstaal.com\/nb\/kvalitetssikring\/","url":"https:\/\/www.jhstaal.com\/nb\/kvalitetssikring\/","name":"Kvalitetssikring &#8211; JH St&aring;lindustri A\/S","isPartOf":{"@id":"https:\/\/jhstaal.com\/#website"},"datePublished":"2020-12-10T11:47:07+00:00","dateModified":"2020-12-14T13:54:48+00:00","breadcrumb":{"@id":"https:\/\/www.jhstaal.com\/nb\/kvalitetssikring\/#breadcrumb"},"inLanguage":"nb-NO","potentialAction":[{"@type":"ReadAction","target":["https:\/\/www.jhstaal.com\/nb\/kvalitetssikring\/"]}]},{"@type":"BreadcrumbList","@id":"https:\/\/www.jhstaal.com\/nb\/kvalitetssikring\/#breadcrumb","itemListElement":[{"@type":"ListItem","position":1,"name":"Hjem","item":"https:\/\/jhstaal.dk\/nb\/"},{"@type":"ListItem","position":2,"name":"Kvalitetssikring"}]},{"@type":"WebSite","@id":"https:\/\/jhstaal.com\/#website","url":"https:\/\/jhstaal.com\/","name":"JH St&aring;lindustri A\/S","description":"St&aring;ltanke","publisher":{"@id":"https:\/\/jhstaal.com\/#organization"},"potentialAction":[{"@type":"SearchAction","target":{"@type":"EntryPoint","urlTemplate":"https:\/\/jhstaal.com\/?s={search_term_string}"},"query-input":"required name=search_term_string"}],"inLanguage":"nb-NO"},{"@type":"Organization","@id":"https:\/\/jhstaal.com\/#organization","name":"JH St\u00e5lindustri A\/S","url":"https:\/\/jhstaal.com\/","logo":{"@type":"ImageObject","inLanguage":"nb-NO","@id":"https:\/\/jhstaal.com\/#\/schema\/logo\/image\/","url":"\/wp-content\/uploads\/2016\/09\/JHstaal-LOGO-600px.jpg","contentUrl":"\/wp-content\/uploads\/2016\/09\/JHstaal-LOGO-600px.jpg","width":600,"height":160,"caption":"JH St\u00e5lindustri A\/S"},"image":{"@id":"https:\/\/jhstaal.com\/#\/schema\/logo\/image\/"}}]}},"_links":{"self":[{"href":"https:\/\/www.jhstaal.com\/nb\/wp-json\/wp\/v2\/pages\/4112"}],"collection":[{"href":"https:\/\/www.jhstaal.com\/nb\/wp-json\/wp\/v2\/pages"}],"about":[{"href":"https:\/\/www.jhstaal.com\/nb\/wp-json\/wp\/v2\/types\/page"}],"author":[{"embeddable":true,"href":"https:\/\/www.jhstaal.com\/nb\/wp-json\/wp\/v2\/users\/10"}],"replies":[{"embeddable":true,"href":"https:\/\/www.jhstaal.com\/nb\/wp-json\/wp\/v2\/comments?post=4112"}],"version-history":[{"count":0,"href":"https:\/\/www.jhstaal.com\/nb\/wp-json\/wp\/v2\/pages\/4112\/revisions"}],"wp:attachment":[{"href":"https:\/\/www.jhstaal.com\/nb\/wp-json\/wp\/v2\/media?parent=4112"}],"curies":[{"name":"wp","href":"https:\/\/api.w.org\/{rel}","templated":true}]}}