{"id":4562,"date":"2020-12-11T08:00:54","date_gmt":"2020-12-11T08:00:54","guid":{"rendered":"https:\/\/jhstaal.com\/produkte\/edelstahl-mischtank\/"},"modified":"2021-03-01T18:54:05","modified_gmt":"2021-03-01T18:54:05","slug":"edelstahl-mischtank","status":"publish","type":"page","link":"https:\/\/www.jhstaal.com\/de\/produkte\/edelstahl-mischtank\/","title":{"rendered":"Edelstahl mischtank"},"content":{"rendered":"<div class=\"wpb-content-wrapper\"><p>[vc_row][vc_column][vc_single_image image=&#8220;4565&#8243; img_size=&#8220;full&#8220; alignment=&#8220;center&#8220;][vc_row_inner][vc_column_inner][vc_column_text]<\/p>\n<p>Bei Edelstahl-Mischtank oder \u201dLiquiverters\u201d handelt es sich um einen \u201eShear Mixer\u201c von hoher Geschwindigkeit, der Trockensubstanzpartikel effektiv in eine L\u00f6sung oder ein fl\u00fcssiges Produkt einarbeiten. Sie werden daher in Produktionslinien eingesetzt, bei denen ein schnelles und effizientes Mischen von Produkten notwendig ist.<\/p>\n<div class=\"gap\" style=\"line-height: 20px; height: 20px;\"><\/div>\n<h2>Effiziente Mischtank f\u00fcr den Mischprozess<\/h2>\n<div class=\"gap\" style=\"line-height: 20px; height: 20px;\"><\/div>\n<p>Bei JH St\u00e5lindustri haben wir bereits Mischtank f\u00fcr eine Vielzahl an Kunden hergestellt. Meistens handelt es sich dabei um einen quadratischen Tank mit einem am Boden platzierten, speziell becherartigen Laufrad odereinem runden Tank mit einer festmontierten Prallplatte mit integriertem Messersystem zum Zerkleinern von Produktst\u00fccken oder zum Zerkleinern gr\u00f6\u00dferer Partikel. Daher werden die Mischtank oft in der Lebensmittelindustrie zum effizienten Mischen des Produkts eingesetzt.<\/p>\n<div class=\"gap\" style=\"line-height: 20px; height: 20px;\"><\/div>\n<h3>Hohe Pumpenleistung<\/h3>\n<div class=\"gap\" style=\"line-height: 20px; height: 20px;\"><\/div>\n<p>Das leistungsstarke Laufrad erzeugt einen gro\u00dfen \u201eWirbel\u201c in der Fl\u00fcssigkeit, der jedoch w\u00e4hrend der Entwicklung einer effizienten Mischumgebung wieder abbricht. Das Laufrad hat eine hohe Pumpleistung f\u00fcr die interne Umw\u00e4lzung oder f\u00fcr den Bodenauslass, wenn der Vorgang abgeschlossen ist.<\/p>\n<div class=\"gap\" style=\"line-height: 20px; height: 20px;\"><\/div>\n<h3>Hochgeschwindigkeitsmixer<\/h3>\n<div class=\"gap\" style=\"line-height: 20px; height: 20px;\"><\/div>\n<p>Dieser Hochgeschwindigkeitsmixer kann auch zum Mischen, Dispergieren, Rekonstituieren, Aufl\u00f6sen, Befeuchten und Wiederaufl\u00f6sung l\u00f6slicher Klebstoffe verwendet werden. Es sorgt f\u00fcr mehr Stabilit\u00e4t und Homogenit\u00e4t, da unl\u00f6sliche Produkte zur Herstellung von Suspensionen und Aufschl\u00e4mmungen in einer Fl\u00fcssigkeit dispergiert werden.<\/p>\n<div class=\"gap\" style=\"line-height: 20px; height: 20px;\"><\/div>\n<h3>Verschiedene Formen und Gr\u00f6\u00dfen<\/h3>\n<div class=\"gap\" style=\"line-height: 20px; height: 20px;\"><\/div>\n<p>Bei JH St\u00e5lindustri gestalten wir den Mischtank genau so, dass er zur jeweiligen Produktion passt. Wir liefern vertikale Mischtank in Gr\u00f6\u00dfen von 200 l bis 300 l. Dar\u00fcber hinaus ber\u00fccksichtigen wir eventuelle Zusatzfunktionen sowie Motorgr\u00f6\u00dfen je nach Zweck des Tank.<\/p>\n<div class=\"gap\" style=\"line-height: 20px; height: 20px;\"><\/div>\n<h3>Mischtank f\u00fcr die Lebensmittelverarbeitung<\/h3>\n<div class=\"gap\" style=\"line-height: 20px; height: 20px;\"><\/div>\n<p>Im Laufe der Jahre haben wir von JH St\u00e5lindustri eng mit einer Reihe von Unternehmen innerhalb der Lebensmittelindustrie zusammengearbeitet. Hier sto\u00dfen wir h\u00e4ufig auf ein besonderes Bed\u00fcrfnis bez\u00fcglich des Mischens und der Verarbeitung des Produkts. Besondere Bedingungen f\u00fcr das jeweilige Lebensmittel k\u00f6nnen die Produktion vor Herausforderungen stellen. Bei JH St\u00e5lindustri k\u00f6nnen wir daher unsere technische Expertise nutzen, um den Prozess zu rationalisieren und ein effektives Mischen des Produkts sicherzustellen. Wir k\u00f6nnen daher Mischtank liefern, die spezielle Anforderungen erf\u00fcllen und Dinge erhalten wie:<\/p>\n<ul>\n<li>Leistungsstarke R\u00fchrwerke f\u00fcr hochviskose Produkte<\/li>\n<li>Horizontale und vertikale R\u00fchrwerke<\/li>\n<li>Effizienter W\u00e4rmeaustausch<\/li>\n<li>CIP-Anlage<\/li>\n<li>Effektiver Abfluss<\/li>\n<li>Ein- und Auspumpen des Tank<\/li>\n<li>SPS-Steuerung<\/li>\n<\/ul>\n<div class=\"gap\" style=\"line-height: 20px; height: 20px;\"><\/div>\n<h2>JH St\u00e5lindustri ist sehr professionell<\/h2>\n<div class=\"gap\" style=\"line-height: 20px; height: 20px;\"><\/div>\n<p>Bei JH St\u00e5lindustri fertigen wir Edelstahltanks nach den Anforderungen unserer Kunden. Wir setzen uns daf\u00fcr ein, dass alle Standards eingehalten werden und unsere Kunden \u00fcber einen hochwertigen Tank verf\u00fcgen. Daher k\u00f6nnen unsere Kunden erwarten:<\/p>\n<p>Ein gr\u00fcndlicher und intensiver Dialog, damit wir die Bed\u00fcrfnisse und Anforderungen des Kunden f\u00fcr die Idee zu 100% verstehen<\/p>\n<p>Volle R\u00fcckverfolgbarkeit aller Materialien<\/p>\n<p>Eine gro\u00dfe Anstrengung, dem Kunden alle technischen Details rund um den Mischbeh\u00e4lter verst\u00e4ndlich zu machen. Unter anderem verwenden wir 3D-Zeichnungen, um dieses Verst\u00e4ndnis zu schaffen<\/p>\n<p>Dokumentation des Herstellungsprozesses. Einschlie\u00dflich Material- und Schwei\u00dfzertifikate, Oberfl\u00e4chen, Pr\u00fcfungen und vieles mehr<\/p>\n<div class=\"gap\" style=\"line-height: 20px; height: 20px;\"><\/div>\n<h3>Unsere Schmiede sind zertifiziert<\/h3>\n<div class=\"gap\" style=\"line-height: 20px; height: 20px;\"><\/div>\n<p>Die Herstellung hochwertiger Edelstahltanks ist ein Handwerk. Daher sind unsere Schmiede nat\u00fcrlich nach den PED-Anforderungen zertifiziert, bei denen es sich um Zertifizierungen handelt, mit denen gearbeitet werden kann:<\/p>\n<ul>\n<li>Materialien<\/li>\n<li>Schwei\u00dfmethoden<\/li>\n<li>Wandst\u00e4rken<\/li>\n<\/ul>\n<div class=\"gap\" style=\"line-height: 20px; height: 20px;\"><\/div>\n<p>Die Zertifizierungen sind 3 Jahre g\u00fcltig und daher k\u00f6nnen wir garantieren, dass unsere Schmiede immer auf dem neuesten Stand der Arbeitsweise sind. Es ist Ihre Garantie f\u00fcr eine gute Arbeit.<\/p>\n<div class=\"gap\" style=\"line-height: 20px; height: 20px;\"><\/div>\n<p>Wenden Sie sich noch heute an JH St\u00e5lindustri, wenn Sie mehr \u00fcber Mischtanks oder unsere Verfahren telefonisch unter +45 86 47 90 44 oder per E-Mail an jhstaal@jhstaal.com erfahren m\u00f6chten.<\/p>\n<p>[\/vc_column_text][\/vc_column_inner][\/vc_row_inner][\/vc_column][\/vc_row][vc_row][vc_column]<style type=\"text\/css\" data-type=\"the7_shortcodes-inline-css\">#default-btn-d8c5237c5fe76120b0f5003cd8542aa5 {\n  border-radius: 5px;\n  font-size: 18px;\n  line-height: 20px;\n}\n.btn-shadow#default-btn-d8c5237c5fe76120b0f5003cd8542aa5 {\n  box-shadow: 0 1px 6px rgba(0,0,0,0.12);\n  transition: box-shadow 0.2s ease-out, opacity 0.45s;\n}\n.btn-shadow#default-btn-d8c5237c5fe76120b0f5003cd8542aa5:hover {\n  box-shadow: 0 5px 11px 0 rgba(0,0,0,0.18), 0 4px 15px 0 rgba(0,0,0,0.15);\n}\n.btn-flat#default-btn-d8c5237c5fe76120b0f5003cd8542aa5 {\n  box-shadow: none;\n}\n.btn-flat#default-btn-d8c5237c5fe76120b0f5003cd8542aa5:hover {\n  box-shadow: none;\n}\n#default-btn-d8c5237c5fe76120b0f5003cd8542aa5.ico-right-side > i {\n  margin-right: 0px;\n  margin-left: 8px;\n}\n#default-btn-d8c5237c5fe76120b0f5003cd8542aa5 > i {\n  margin-right: 8px;\n  font-size: 25px;\n}\n#default-btn-d8c5237c5fe76120b0f5003cd8542aa5:not(:hover) {\n  border-width: 0px;\n  padding: 17px 24px 16px 24px;\n}\n#default-btn-d8c5237c5fe76120b0f5003cd8542aa5:hover {\n  border-width: 0px;\n  padding: 17px 24px 16px 24px;\n}\n#default-btn-d8c5237c5fe76120b0f5003cd8542aa5.ico-right-side > i {\n  margin-right: 0px;\n  margin-left: 8px;\n}\n#default-btn-d8c5237c5fe76120b0f5003cd8542aa5 > i {\n  margin-right: 8px;\n}\n<\/style><div class=\"btn-align-center\"><a href=\"https:\/\/jhstaal.com\/en\/datasheets\/\" class=\"default-btn-shortcode dt-btn link-hover-off btn-flat  vc_custom_1614268365676\" id=\"default-btn-d8c5237c5fe76120b0f5003cd8542aa5\" title=\"Datasheets\"><span>See our datasheets here<\/span><\/a><\/div>[vc_separator border_width=&#8220;3&#8243;]<div class=\"ult-spacer spacer-69fb9d9d73e0e\" data-id=\"69fb9d9d73e0e\" data-height=\"30\" data-height-mobile=\"30\" data-height-tab=\"30\" data-height-tab-portrait=\"30\" data-height-mobile-landscape=\"30\" style=\"clear:both;display:block;\"><\/div>[\/vc_column][\/vc_row][vc_row][vc_column]<div class=\"wf-container dt-gallery-container dt-photos-shortcode loading-effect-fade-in iso-grid jg-container description-on-hover hover-style-two hover-fade content-align-centre\" data-padding=\"20px\" data-cur-page=\"1\" data-target-height=\"240px\"><div class=\"wf-cell\" data-post-id=\"6789\" data-date=\"2021-02-02T07:48:06+00:00\" data-name=\"JHStaal Liquiverter\">\n<article class=\"post post-6789 attachment type-attachment status-inherit hentry no-img description-off\">\n\n\t<figure class=\"rollover-project links-hovers-disabled\">\n\t<a href=\"\/wp-content\/uploads\/2020\/12\/JHStaal-Liquiverter-scaled.jpg\" class=\"rollover rollover-zoom dt-pswp-item layzr-bg\" title=\"JHStaal Liquiverter\" data-dt-img-description=\"\"  data-large_image_width=\"1714\" data-large_image_height = \"2560\" ><img fetchpriority=\"high\" decoding=\"async\" class=\"preload-me jgrid-lazy-load aspect\" src=\"data:image\/svg+xml,%3Csvg%20xmlns%3D&#39;http%3A%2F%2Fwww.w3.org%2F2000%2Fsvg&#39;%20viewBox%3D&#39;0%200%20554%20312&#39;%2F%3E\" data-src=\"\/wp-content\/uploads\/2020\/12\/JHStaal-Liquiverter-scaled-554x312.jpg\" data-srcset=\"\/wp-content\/uploads\/2020\/12\/JHStaal-Liquiverter-scaled-554x312.jpg 554w, \/wp-content\/uploads\/2020\/12\/JHStaal-Liquiverter-scaled-1108x624.jpg 1108w\" loading=\"eager\" style=\"--ratio: 554 \/ 312\" sizes=\"(max-width: 554px) 100vw, 554px\" alt=\"\" width=\"554\" height=\"312\"  \/><\/a>\t<\/figure>\n<\/article>\n\n<\/div><div class=\"wf-cell\" data-post-id=\"6784\" data-date=\"2021-02-02T07:47:59+00:00\" data-name=\"JHStaal Liquiverter Stainless Steel\">\n<article class=\"post post-6784 attachment type-attachment status-inherit hentry no-img description-off\">\n\n\t<figure class=\"rollover-project links-hovers-disabled\">\n\t<a href=\"\/wp-content\/uploads\/2020\/12\/JHStaal-Liquiverter-Stainless-Steel-scaled.jpg\" class=\"rollover rollover-zoom dt-pswp-item layzr-bg\" title=\"JHStaal Liquiverter Stainless Steel\" data-dt-img-description=\"\"  data-large_image_width=\"1714\" data-large_image_height = \"2560\" ><img decoding=\"async\" class=\"preload-me jgrid-lazy-load aspect\" src=\"data:image\/svg+xml,%3Csvg%20xmlns%3D&#39;http%3A%2F%2Fwww.w3.org%2F2000%2Fsvg&#39;%20viewBox%3D&#39;0%200%20554%20312&#39;%2F%3E\" data-src=\"\/wp-content\/uploads\/2020\/12\/JHStaal-Liquiverter-Stainless-Steel-scaled-554x312.jpg\" data-srcset=\"\/wp-content\/uploads\/2020\/12\/JHStaal-Liquiverter-Stainless-Steel-scaled-554x312.jpg 554w, \/wp-content\/uploads\/2020\/12\/JHStaal-Liquiverter-Stainless-Steel-scaled-1108x624.jpg 1108w\" loading=\"eager\" style=\"--ratio: 554 \/ 312\" sizes=\"(max-width: 554px) 100vw, 554px\" alt=\"\" width=\"554\" height=\"312\"  \/><\/a>\t<\/figure>\n<\/article>\n\n<\/div><div class=\"wf-cell\" data-post-id=\"6779\" data-date=\"2021-02-02T07:46:58+00:00\" data-name=\"JHStaal Mix tanks\">\n<article class=\"post post-6779 attachment type-attachment status-inherit hentry no-img description-off\">\n\n\t<figure class=\"rollover-project links-hovers-disabled\">\n\t<a href=\"\/wp-content\/uploads\/2020\/12\/JHStaal-Mix-tanks-scaled.jpg\" class=\"rollover rollover-zoom dt-pswp-item layzr-bg\" title=\"JHStaal Mix tanks\" data-dt-img-description=\"\"  data-large_image_width=\"2560\" data-large_image_height = \"1440\" ><img decoding=\"async\" class=\"preload-me jgrid-lazy-load aspect\" src=\"data:image\/svg+xml,%3Csvg%20xmlns%3D&#39;http%3A%2F%2Fwww.w3.org%2F2000%2Fsvg&#39;%20viewBox%3D&#39;0%200%20554%20312&#39;%2F%3E\" data-src=\"\/wp-content\/uploads\/2020\/12\/JHStaal-Mix-tanks-scaled-554x312.jpg\" data-srcset=\"\/wp-content\/uploads\/2020\/12\/JHStaal-Mix-tanks-scaled-554x312.jpg 554w, \/wp-content\/uploads\/2020\/12\/JHStaal-Mix-tanks-scaled-1108x624.jpg 1108w\" loading=\"eager\" style=\"--ratio: 554 \/ 312\" sizes=\"(max-width: 554px) 100vw, 554px\" alt=\"\" width=\"554\" height=\"312\"  \/><\/a>\t<\/figure>\n<\/article>\n\n<\/div><div class=\"wf-cell\" data-post-id=\"6774\" data-date=\"2021-02-02T07:46:51+00:00\" data-name=\"JHStaal Jam mixing tank\">\n<article class=\"post post-6774 attachment type-attachment status-inherit hentry no-img description-off\">\n\n\t<figure class=\"rollover-project links-hovers-disabled\">\n\t<a href=\"\/wp-content\/uploads\/2020\/12\/JHStaal-Jam-mixing-tank-scaled.jpg\" class=\"rollover rollover-zoom dt-pswp-item layzr-bg\" title=\"JHStaal Jam mixing tank\" data-dt-img-description=\"\"  data-large_image_width=\"2560\" data-large_image_height = \"1920\" ><img decoding=\"async\" class=\"preload-me jgrid-lazy-load aspect\" src=\"data:image\/svg+xml,%3Csvg%20xmlns%3D&#39;http%3A%2F%2Fwww.w3.org%2F2000%2Fsvg&#39;%20viewBox%3D&#39;0%200%20554%20312&#39;%2F%3E\" data-src=\"\/wp-content\/uploads\/2020\/12\/JHStaal-Jam-mixing-tank-scaled-554x312.jpg\" data-srcset=\"\/wp-content\/uploads\/2020\/12\/JHStaal-Jam-mixing-tank-scaled-554x312.jpg 554w, \/wp-content\/uploads\/2020\/12\/JHStaal-Jam-mixing-tank-scaled-1108x624.jpg 1108w\" loading=\"eager\" style=\"--ratio: 554 \/ 312\" sizes=\"(max-width: 554px) 100vw, 554px\" alt=\"\" width=\"554\" height=\"312\"  \/><\/a>\t<\/figure>\n<\/article>\n\n<\/div><div class=\"wf-cell\" data-post-id=\"6769\" data-date=\"2021-02-02T07:46:44+00:00\" data-name=\"JHStaal Food Process\">\n<article class=\"post post-6769 attachment type-attachment status-inherit hentry no-img description-off\">\n\n\t<figure class=\"rollover-project links-hovers-disabled\">\n\t<a href=\"\/wp-content\/uploads\/2020\/12\/JHStaal-Food-Process-scaled.jpg\" class=\"rollover rollover-zoom dt-pswp-item layzr-bg\" title=\"JHStaal Food Process\" data-dt-img-description=\"\"  data-large_image_width=\"2560\" data-large_image_height = \"1920\" ><img decoding=\"async\" class=\"preload-me jgrid-lazy-load aspect\" src=\"data:image\/svg+xml,%3Csvg%20xmlns%3D&#39;http%3A%2F%2Fwww.w3.org%2F2000%2Fsvg&#39;%20viewBox%3D&#39;0%200%20554%20312&#39;%2F%3E\" data-src=\"\/wp-content\/uploads\/2020\/12\/JHStaal-Food-Process-scaled-554x312.jpg\" data-srcset=\"\/wp-content\/uploads\/2020\/12\/JHStaal-Food-Process-scaled-554x312.jpg 554w, \/wp-content\/uploads\/2020\/12\/JHStaal-Food-Process-scaled-1108x624.jpg 1108w\" loading=\"eager\" style=\"--ratio: 554 \/ 312\" sizes=\"(max-width: 554px) 100vw, 554px\" alt=\"\" width=\"554\" height=\"312\"  \/><\/a>\t<\/figure>\n<\/article>\n\n<\/div><\/div>[\/vc_column][\/vc_row]<\/p>\n<\/div>","protected":false},"excerpt":{"rendered":"<p>[vc_row][vc_column][vc_single_image image=&#8220;4565&#8243; img_size=&#8220;full&#8220; alignment=&#8220;center&#8220;][vc_row_inner][vc_column_inner][vc_column_text] Bei Edelstahl-Mischtank oder \u201dLiquiverters\u201d handelt es sich um einen \u201eShear Mixer\u201c von hoher Geschwindigkeit, der Trockensubstanzpartikel effektiv in eine L\u00f6sung oder ein fl\u00fcssiges Produkt einarbeiten. Sie werden daher in Produktionslinien eingesetzt, bei denen ein schnelles und effizientes Mischen von Produkten notwendig ist. Effiziente Mischtank f\u00fcr den Mischprozess Bei JH St\u00e5lindustri haben&hellip;<\/p>\n","protected":false},"author":10,"featured_media":0,"parent":4486,"menu_order":0,"comment_status":"closed","ping_status":"closed","template":"","meta":{"footnotes":""},"yoast_head":"<!-- This site is optimized with the Yoast SEO plugin v22.2 - https:\/\/yoast.com\/wordpress\/plugins\/seo\/ -->\n<title>Edelstahl-Mischtank \u2013 JH St\u00e5lindustri A\/S<\/title>\n<meta name=\"description\" content=\"Unser Edelstahl-Mischtank ist ein stabiler Hochgeschwindigkeits-Mischtank, der sich optimal zum Mischen eines trockenen Produkts mit einem fl\u00fcssigen Produkt mit integriertem Messersystem eignet.\" \/>\n<meta name=\"robots\" content=\"index, follow, max-snippet:-1, max-image-preview:large, max-video-preview:-1\" \/>\n<link rel=\"canonical\" href=\"https:\/\/www.jhstaal.com\/de\/produkte\/edelstahl-mischtank\/\" \/>\n<meta property=\"og:locale\" content=\"de_DE\" \/>\n<meta property=\"og:type\" content=\"article\" \/>\n<meta property=\"og:title\" content=\"Edelstahl-Mischtank \u2013 JH St\u00e5lindustri A\/S\" \/>\n<meta property=\"og:description\" content=\"Unser Edelstahl-Mischtank ist ein stabiler Hochgeschwindigkeits-Mischtank, der sich optimal zum Mischen eines trockenen Produkts mit einem fl\u00fcssigen Produkt mit integriertem Messersystem eignet.\" \/>\n<meta property=\"og:url\" content=\"https:\/\/www.jhstaal.com\/de\/produkte\/edelstahl-mischtank\/\" \/>\n<meta property=\"og:site_name\" content=\"JH St&aring;lindustri A\/S\" \/>\n<meta property=\"article:modified_time\" content=\"2021-03-01T18:54:05+00:00\" \/>\n<meta name=\"twitter:card\" content=\"summary_large_image\" \/>\n<meta name=\"twitter:label1\" content=\"Gesch\u00e4tzte Lesezeit\" \/>\n\t<meta name=\"twitter:data1\" content=\"3\u00a0Minuten\" \/>\n<script type=\"application\/ld+json\" class=\"yoast-schema-graph\">{\"@context\":\"https:\/\/schema.org\",\"@graph\":[{\"@type\":\"WebPage\",\"@id\":\"https:\/\/www.jhstaal.com\/de\/produkte\/edelstahl-mischtank\/\",\"url\":\"https:\/\/www.jhstaal.com\/de\/produkte\/edelstahl-mischtank\/\",\"name\":\"Edelstahl-Mischtank \u2013 JH St\u00e5lindustri A\/S\",\"isPartOf\":{\"@id\":\"https:\/\/jhstaal.com\/#website\"},\"datePublished\":\"2020-12-11T08:00:54+00:00\",\"dateModified\":\"2021-03-01T18:54:05+00:00\",\"description\":\"Unser Edelstahl-Mischtank ist ein stabiler Hochgeschwindigkeits-Mischtank, der sich optimal zum Mischen eines trockenen Produkts mit einem fl\u00fcssigen Produkt mit integriertem Messersystem eignet.\",\"breadcrumb\":{\"@id\":\"https:\/\/www.jhstaal.com\/de\/produkte\/edelstahl-mischtank\/#breadcrumb\"},\"inLanguage\":\"de\",\"potentialAction\":[{\"@type\":\"ReadAction\",\"target\":[\"https:\/\/www.jhstaal.com\/de\/produkte\/edelstahl-mischtank\/\"]}]},{\"@type\":\"BreadcrumbList\",\"@id\":\"https:\/\/www.jhstaal.com\/de\/produkte\/edelstahl-mischtank\/#breadcrumb\",\"itemListElement\":[{\"@type\":\"ListItem\",\"position\":1,\"name\":\"Hjem\",\"item\":\"https:\/\/www.jhstaal.com\/de\/\"},{\"@type\":\"ListItem\",\"position\":2,\"name\":\"Produkte\",\"item\":\"https:\/\/www.jhstaal.com\/de\/produkte\/\"},{\"@type\":\"ListItem\",\"position\":3,\"name\":\"Edelstahl mischtank\"}]},{\"@type\":\"WebSite\",\"@id\":\"https:\/\/jhstaal.com\/#website\",\"url\":\"https:\/\/jhstaal.com\/\",\"name\":\"JH St&aring;lindustri A\/S\",\"description\":\"St&aring;ltanke\",\"publisher\":{\"@id\":\"https:\/\/jhstaal.com\/#organization\"},\"potentialAction\":[{\"@type\":\"SearchAction\",\"target\":{\"@type\":\"EntryPoint\",\"urlTemplate\":\"https:\/\/jhstaal.com\/?s={search_term_string}\"},\"query-input\":\"required name=search_term_string\"}],\"inLanguage\":\"de\"},{\"@type\":\"Organization\",\"@id\":\"https:\/\/jhstaal.com\/#organization\",\"name\":\"JH St\u00e5lindustri A\/S\",\"url\":\"https:\/\/jhstaal.com\/\",\"logo\":{\"@type\":\"ImageObject\",\"inLanguage\":\"de\",\"@id\":\"https:\/\/jhstaal.com\/#\/schema\/logo\/image\/\",\"url\":\"\/wp-content\/uploads\/2016\/09\/JHstaal-LOGO-600px.jpg\",\"contentUrl\":\"\/wp-content\/uploads\/2016\/09\/JHstaal-LOGO-600px.jpg\",\"width\":600,\"height\":160,\"caption\":\"JH St\u00e5lindustri A\/S\"},\"image\":{\"@id\":\"https:\/\/jhstaal.com\/#\/schema\/logo\/image\/\"}}]}<\/script>\n<!-- \/ Yoast SEO plugin. -->","yoast_head_json":{"title":"Edelstahl-Mischtank \u2013 JH St\u00e5lindustri A\/S","description":"Unser Edelstahl-Mischtank ist ein stabiler Hochgeschwindigkeits-Mischtank, der sich optimal zum Mischen eines trockenen Produkts mit einem fl\u00fcssigen Produkt mit integriertem Messersystem eignet.","robots":{"index":"index","follow":"follow","max-snippet":"max-snippet:-1","max-image-preview":"max-image-preview:large","max-video-preview":"max-video-preview:-1"},"canonical":"https:\/\/www.jhstaal.com\/de\/produkte\/edelstahl-mischtank\/","og_locale":"de_DE","og_type":"article","og_title":"Edelstahl-Mischtank \u2013 JH St\u00e5lindustri A\/S","og_description":"Unser Edelstahl-Mischtank ist ein stabiler Hochgeschwindigkeits-Mischtank, der sich optimal zum Mischen eines trockenen Produkts mit einem fl\u00fcssigen Produkt mit integriertem Messersystem eignet.","og_url":"https:\/\/www.jhstaal.com\/de\/produkte\/edelstahl-mischtank\/","og_site_name":"JH St&aring;lindustri A\/S","article_modified_time":"2021-03-01T18:54:05+00:00","twitter_card":"summary_large_image","twitter_misc":{"Gesch\u00e4tzte Lesezeit":"3\u00a0Minuten"},"schema":{"@context":"https:\/\/schema.org","@graph":[{"@type":"WebPage","@id":"https:\/\/www.jhstaal.com\/de\/produkte\/edelstahl-mischtank\/","url":"https:\/\/www.jhstaal.com\/de\/produkte\/edelstahl-mischtank\/","name":"Edelstahl-Mischtank \u2013 JH St\u00e5lindustri A\/S","isPartOf":{"@id":"https:\/\/jhstaal.com\/#website"},"datePublished":"2020-12-11T08:00:54+00:00","dateModified":"2021-03-01T18:54:05+00:00","description":"Unser Edelstahl-Mischtank ist ein stabiler Hochgeschwindigkeits-Mischtank, der sich optimal zum Mischen eines trockenen Produkts mit einem fl\u00fcssigen Produkt mit integriertem Messersystem eignet.","breadcrumb":{"@id":"https:\/\/www.jhstaal.com\/de\/produkte\/edelstahl-mischtank\/#breadcrumb"},"inLanguage":"de","potentialAction":[{"@type":"ReadAction","target":["https:\/\/www.jhstaal.com\/de\/produkte\/edelstahl-mischtank\/"]}]},{"@type":"BreadcrumbList","@id":"https:\/\/www.jhstaal.com\/de\/produkte\/edelstahl-mischtank\/#breadcrumb","itemListElement":[{"@type":"ListItem","position":1,"name":"Hjem","item":"https:\/\/www.jhstaal.com\/de\/"},{"@type":"ListItem","position":2,"name":"Produkte","item":"https:\/\/www.jhstaal.com\/de\/produkte\/"},{"@type":"ListItem","position":3,"name":"Edelstahl mischtank"}]},{"@type":"WebSite","@id":"https:\/\/jhstaal.com\/#website","url":"https:\/\/jhstaal.com\/","name":"JH St&aring;lindustri A\/S","description":"St&aring;ltanke","publisher":{"@id":"https:\/\/jhstaal.com\/#organization"},"potentialAction":[{"@type":"SearchAction","target":{"@type":"EntryPoint","urlTemplate":"https:\/\/jhstaal.com\/?s={search_term_string}"},"query-input":"required name=search_term_string"}],"inLanguage":"de"},{"@type":"Organization","@id":"https:\/\/jhstaal.com\/#organization","name":"JH St\u00e5lindustri A\/S","url":"https:\/\/jhstaal.com\/","logo":{"@type":"ImageObject","inLanguage":"de","@id":"https:\/\/jhstaal.com\/#\/schema\/logo\/image\/","url":"\/wp-content\/uploads\/2016\/09\/JHstaal-LOGO-600px.jpg","contentUrl":"\/wp-content\/uploads\/2016\/09\/JHstaal-LOGO-600px.jpg","width":600,"height":160,"caption":"JH St\u00e5lindustri A\/S"},"image":{"@id":"https:\/\/jhstaal.com\/#\/schema\/logo\/image\/"}}]}},"_links":{"self":[{"href":"https:\/\/www.jhstaal.com\/de\/wp-json\/wp\/v2\/pages\/4562"}],"collection":[{"href":"https:\/\/www.jhstaal.com\/de\/wp-json\/wp\/v2\/pages"}],"about":[{"href":"https:\/\/www.jhstaal.com\/de\/wp-json\/wp\/v2\/types\/page"}],"author":[{"embeddable":true,"href":"https:\/\/www.jhstaal.com\/de\/wp-json\/wp\/v2\/users\/10"}],"replies":[{"embeddable":true,"href":"https:\/\/www.jhstaal.com\/de\/wp-json\/wp\/v2\/comments?post=4562"}],"version-history":[{"count":3,"href":"https:\/\/www.jhstaal.com\/de\/wp-json\/wp\/v2\/pages\/4562\/revisions"}],"predecessor-version":[{"id":7156,"href":"https:\/\/www.jhstaal.com\/de\/wp-json\/wp\/v2\/pages\/4562\/revisions\/7156"}],"up":[{"embeddable":true,"href":"https:\/\/www.jhstaal.com\/de\/wp-json\/wp\/v2\/pages\/4486"}],"wp:attachment":[{"href":"https:\/\/www.jhstaal.com\/de\/wp-json\/wp\/v2\/media?parent=4562"}],"curies":[{"name":"wp","href":"https:\/\/api.w.org\/{rel}","templated":true}]}}