{"id":4458,"date":"2020-12-11T07:42:06","date_gmt":"2020-12-11T07:42:06","guid":{"rendered":"https:\/\/jhstaal.com\/lernen-sie-uns-kennen\/"},"modified":"2021-02-15T10:41:57","modified_gmt":"2021-02-15T10:41:57","slug":"lernen-sie-uns-kennen","status":"publish","type":"page","link":"https:\/\/www.jhstaal.com\/de\/lernen-sie-uns-kennen\/","title":{"rendered":"Lernen Sie uns kennen"},"content":{"rendered":"<div class=\"wpb-content-wrapper\"><p>[vc_row css=&#8220;.vc_custom_1478181122051{margin-bottom: -35px !important;}&#8220;][vc_column][vc_column_text css=&#8220;.vc_custom_1475473100989{margin-bottom: -15px !important;}&#8220;]<\/p>\n<h1 style=\"text-align: center;\">Lernen Sie uns kennen<\/h1>\n<p>[\/vc_column_text][\/vc_column][\/vc_row][vc_row type=&#8220;vc_default&#8220; full_width=&#8220;stretch_row&#8220; bg_type=&#8220;bg_color&#8220;][vc_column][vc_column_text]<\/p>\n<div>JH St\u00e5lindustri ist seit 1990 ein kompetenter und qualit\u00e4tsbewusster Lieferant von Edelstahltank. Wir haben eine stolze Tradition in der Herstellung von Prozesstank, Drucktank und Silotank aus Edelstahl. Die Gr\u00f6\u00dfen unserer Lieferungen variieren von 10-Liter-Tank bis hin zu 200.000- Liter-Silotank. Dar\u00fcber hinaus haben wir im Laufe der Jahre unsere F\u00e4higkeiten in Prozessanlagen wie W\u00e4rmetauschern, CIP-L\u00f6sungen und R\u00fchrwerken verbessert, die als Teil des fertigen Tank enthalten sein k\u00f6nnen. Daher verstehen wir uns auch als Spezialisten f\u00fcr die Lieferung der Komplettl\u00f6sung, wo wir f\u00fcr alles verantwortlich sind, von der Beratung bis zur Berechnung und Produktion einer kompletten kundenspezifischen Prozessanlage. Wir beliefern alle Branchen, aber unsere Kunden sind haupts\u00e4chlich in der Pharmaindustrie, der Milchindustrie, der Lebensmittelindustrie, der Chemieindustrie, der Fischindustrie und im Wasserwerk vertreten.<\/div>\n<p>[\/vc_column_text][\/vc_column][\/vc_row][vc_row type=&#8220;vc_default&#8220; full_width=&#8220;stretch_row&#8220; gap=&#8220;20&#8243; bg_type=&#8220;bg_color&#8220; bg_color_value=&#8220;#f9f9f9&#8243;][vc_column width=&#8220;1\/2&#8243;][vc_column_text]<\/p>\n<h2>Gutes Handwerk<\/h2>\n<div class=\"gap\" style=\"line-height: 20px; height: 20px;\"><\/div>\n<p>Die Herstellung von Edelstahltank ist ein Handwerk, bei dem die Liebe zum Detail f\u00fcr das Endergebnis von gro\u00dfer Bedeutung ist. JH St\u00e5lindustri ist ein Garant f\u00fcr die handwerkliche Qualit\u00e4t, die durch gut ausgebildete, zertifizierte und erfahrene Mitarbeiterinnen und Mitarbeiter sichergestellt wird. Dar\u00fcber hinaus konzentrieren wir uns stark auf die Weiterbildung und haben immer mehr Auszubildende bei uns in der Ausbildung. Professionalit\u00e4t und Fachwissen sind unsere Markenzeichen \u2013 vom ersten Dialog \u00fcber 3D-Visualisierungen, Berechnungen, Bema\u00dfungen und technische Dokumentationen bis hin zum Projektmanagement und der Handwerkskunst. Auf allen Ebenen arbeiten wir mit Liebe zum Detail, die f\u00fcr ein Endprodukt von h\u00f6chster Qualit\u00e4t entscheidend sind.<\/p>\n<div class=\"gap\" style=\"line-height: 20px; height: 20px;\"><\/div>\n<h2>Experten f\u00fcr Edelstahl<\/h2>\n<div class=\"gap\" style=\"line-height: 20px; height: 20px;\"><\/div>\n<p>Edelstahl wird h\u00e4ufig f\u00fcr Produkte und Prozesse verwendet, bei denen Reinigung und Korrosion von entscheidender Bedeutung sind. Im Gegensatz zu seinem Namen ist Edelstahl nicht immer rostfrei, da er sich in Kombination mit Chlor oder insbesondere Chlorl\u00f6sungen in sehr kurzer Zeit zersetzen kann. Technische Unterst\u00fctzung ist hier entscheidend, um die richtige Legierung auszuw\u00e4hlen. Daher ist die Personalabteilung ein nat\u00fcrlicher Schwerpunkt bei JH St\u00e5lindustri, wo jede Phase eines Projekts von kompetenten Mitarbeiterinnen und Mitarbeitern unterst\u00fctzt wird, die gemeinsam die richtige L\u00f6sung f\u00fcr den Kunden sicherstellen.<\/p>\n<p>[\/vc_column_text][\/vc_column][vc_column width=&#8220;1\/2&#8243;][vc_single_image image=&#8220;4463&#8243; img_size=&#8220;full&#8220; alignment=&#8220;center&#8220; css_animation=&#8220;fadeIn&#8220;][\/vc_column][\/vc_row][vc_row type=&#8220;vc_default&#8220; full_width=&#8220;stretch_row&#8220; bg_type=&#8220;bg_color&#8220; css=&#8220;.vc_custom_1567534502158{margin-right: 4px !important;margin-left: 4px !important;}&#8220; bg_color_value=&#8220;#303030&#8243;][\/vc_row][vc_column][\/vc_column][vc_row_inner css=&#8220;.vc_custom_1504639140776{margin-bottom: 20px !important;}&#8220;][\/vc_row_inner][vc_row type=&#8220;vc_default&#8220; full_width=&#8220;stretch_row&#8220; equal_height=&#8220;yes&#8220; bg_type=&#8220;bg_color&#8220; css=&#8220;.vc_custom_1567534493288{margin-right: 4px !important;margin-bottom: -5px !important;margin-left: 4px !important;}&#8220; bg_color_value=&#8220;#303030&#8243;][vc_column][vc_row_inner css=&#8220;.vc_custom_1504639140776{margin-bottom: 20px !important;}&#8220;][vc_column_inner css=&#8220;.vc_custom_1504639209951{margin-bottom: 10px !important;}&#8220;][vc_column_text]<\/p>\n<p>[\/vc_column_text][\/vc_column_inner][\/vc_row_inner][vc_row_inner equal_height=&#8220;yes&#8220; content_placement=&#8220;top&#8220; gap=&#8220;15&#8243;][vc_column_inner width=&#8220;1\/3&#8243;][vc_single_image image=&#8220;2385&#8243; img_size=&#8220;600&#215;333&#8243; alignment=&#8220;center&#8220; style=&#8220;vc_box_border&#8220; border_color=&#8220;black&#8220; onclick=&#8220;custom_link&#8220; css_animation=&#8220;none&#8220; link=&#8220;\/de\/produkte\/edelstahl-prozesstank\/&#8220; css=&#8220;.vc_custom_1607689017868{margin-top: -35px !important;margin-bottom: 10px !important;}&#8220;]<span id=\"creative-link-wrap-9902\" class=\"ult_main_cl ult-adjust-bottom-margin  \" >\n\t \t\t\t<span class=\"ult_cl_link_6  ult_crlink\" >\n\t\t\t\t\t<a  data-ultimate-target='#creative-link-wrap-9902 .ult_colorlink'  data-responsive-json-new='{\"font-size\":\"\",\"line-height\":\"\"}'  href=\"\/de\/produkte\/edelstahl-prozesstank\/\" title=\"Lesen Sie mehr \u00fcber Edelstahl Prozesstank\"  class=\"ult_colorlink ult-responsive  vc_custom_1607689027598\" style=\"font-weight:normal;color:#afafaf; \"  data-textcolor=\"#f2f2f2\" data-texthover=\"#afafaf\"data-style=\"Style_6\">\n\t\t\t\t\t\t\n\t\t\t\t\t\t<span data-hover=\"Edelstahl Prozesstank\" style=\"color:#f2f2f2;;;\" class=\"ult_btn10_span   \">Edelstahl Prozesstank<\/span>\n\t\t\t\t\t\t<span class=\"ult_btn6_link_top \" data-color=\"#afafaf\">\u2022<\/span>\n\t\t\t\t\t<\/a>\n\t\t\t\t<\/span>\n\t\t\t<\/span>[\/vc_column_inner][vc_column_inner width=&#8220;1\/3&#8243;][vc_single_image image=&#8220;5324&#8243; img_size=&#8220;600&#215;333&#8243; alignment=&#8220;center&#8220; style=&#8220;vc_box_border&#8220; border_color=&#8220;black&#8220; onclick=&#8220;custom_link&#8220; css_animation=&#8220;none&#8220; link=&#8220;\/de\/produkte\/edelstahl-druckbehaelter\/&#8220; css=&#8220;.vc_custom_1607689041590{margin-top: -35px !important;margin-bottom: 10px !important;}&#8220;]<span id=\"creative-link-wrap-4295\" class=\"ult_main_cl ult-adjust-bottom-margin  \" >\n\t \t\t\t<span class=\"ult_cl_link_6  ult_crlink\" >\n\t\t\t\t\t<a  data-ultimate-target='#creative-link-wrap-4295 .ult_colorlink'  data-responsive-json-new='{\"font-size\":\"\",\"line-height\":\"\"}'  href=\"\/de\/produkte\/edelstahl-druckbehaelter\/\" title=\"Sie mehr \u00fcber Edelstahl-Druckbeh\u00e4lter\"  class=\"ult_colorlink ult-responsive \" style=\"font-weight:normal;color:#afafaf; \"  data-textcolor=\"#f2f2f2\" data-texthover=\"#afafaf\"data-style=\"Style_6\">\n\t\t\t\t\t\t\n\t\t\t\t\t\t<span data-hover=\"Edelstahl Druckbeh\u00e4lter\" style=\"color:#f2f2f2;;;\" class=\"ult_btn10_span   \">Edelstahl Druckbeh\u00e4lter<\/span>\n\t\t\t\t\t\t<span class=\"ult_btn6_link_top \" data-color=\"#afafaf\">\u2022<\/span>\n\t\t\t\t\t<\/a>\n\t\t\t\t<\/span>\n\t\t\t<\/span>[\/vc_column_inner][vc_column_inner width=&#8220;1\/3&#8243;][vc_single_image image=&#8220;5361&#8243; img_size=&#8220;600&#215;333&#8243; alignment=&#8220;center&#8220; style=&#8220;vc_box_border&#8220; border_color=&#8220;black&#8220; onclick=&#8220;custom_link&#8220; css_animation=&#8220;none&#8220; link=&#8220;\/de\/produkte\/edelstahl-silo\/&#8220; css=&#8220;.vc_custom_1607689068573{margin-top: -35px !important;margin-bottom: 10px !important;}&#8220;]<span id=\"creative-link-wrap-9893\" class=\"ult_main_cl ult-adjust-bottom-margin  \" >\n\t \t\t\t<span class=\"ult_cl_link_6  ult_crlink\" >\n\t\t\t\t\t<a  data-ultimate-target='#creative-link-wrap-9893 .ult_colorlink'  data-responsive-json-new='{\"font-size\":\"\",\"line-height\":\"\"}'  href=\"\/de\/produkte\/edelstahl-silo\/\" title=\"Sie mehr \u00fcber Edelstahl-Silo\"  class=\"ult_colorlink ult-responsive \" style=\"font-weight:normal;color:#afafaf; \"  data-textcolor=\"#f2f2f2\" data-texthover=\"#afafaf\"data-style=\"Style_6\">\n\t\t\t\t\t\t\n\t\t\t\t\t\t<span data-hover=\"Edelstahl Silo\" style=\"color:#f2f2f2;;;\" class=\"ult_btn10_span   \">Edelstahl Silo<\/span>\n\t\t\t\t\t\t<span class=\"ult_btn6_link_top \" data-color=\"#afafaf\">\u2022<\/span>\n\t\t\t\t\t<\/a>\n\t\t\t\t<\/span>\n\t\t\t<\/span>[\/vc_column_inner][\/vc_row_inner][vc_row_inner equal_height=&#8220;yes&#8220; content_placement=&#8220;top&#8220; gap=&#8220;15&#8243;][vc_column_inner width=&#8220;1\/3&#8243;][vc_single_image image=&#8220;5595&#8243; img_size=&#8220;full&#8220; alignment=&#8220;center&#8220; style=&#8220;vc_box_border&#8220; border_color=&#8220;black&#8220; onclick=&#8220;custom_link&#8220; css_animation=&#8220;none&#8220; link=&#8220;\/de\/produkte\/edelstahl-mobile-behaelter\/&#8220; css=&#8220;.vc_custom_1607689090476{margin-top: -35px !important;margin-bottom: 10px !important;}&#8220;]<span id=\"creative-link-wrap-2576\" class=\"ult_main_cl ult-adjust-bottom-margin  \" >\n\t \t\t\t<span class=\"ult_cl_link_6  ult_crlink\" >\n\t\t\t\t\t<a  data-ultimate-target='#creative-link-wrap-2576 .ult_colorlink'  data-responsive-json-new='{\"font-size\":\"\",\"line-height\":\"\"}'  href=\"\/de\/produkte\/edelstahl-mobile-behaelter\/\" title=\"Sie mehr \u00fcber Edelstahl mobile Beh\u00e4lter\"  class=\"ult_colorlink ult-responsive  vc_custom_1607689099256\" style=\"font-weight:normal;color:#afafaf; \"  data-textcolor=\"#f2f2f2\" data-texthover=\"#afafaf\"data-style=\"Style_6\">\n\t\t\t\t\t\t\n\t\t\t\t\t\t<span data-hover=\"Edelstahl mobile Beh\u00e4lter\" style=\"color:#f2f2f2;;;\" class=\"ult_btn10_span   \">Edelstahl mobile Beh\u00e4lter<\/span>\n\t\t\t\t\t\t<span class=\"ult_btn6_link_top \" data-color=\"#afafaf\">\u2022<\/span>\n\t\t\t\t\t<\/a>\n\t\t\t\t<\/span>\n\t\t\t<\/span>[\/vc_column_inner][vc_column_inner width=&#8220;1\/3&#8243;][vc_single_image image=&#8220;2395&#8243; img_size=&#8220;full&#8220; alignment=&#8220;center&#8220; style=&#8220;vc_box_border&#8220; border_color=&#8220;black&#8220; onclick=&#8220;custom_link&#8220; css_animation=&#8220;none&#8220; link=&#8220;\/de\/produkte\/edelstahl-ruehrwerke\/&#8220; css=&#8220;.vc_custom_1607689119201{margin-top: -35px !important;margin-bottom: 10px !important;}&#8220;]<span id=\"creative-link-wrap-2150\" class=\"ult_main_cl ult-adjust-bottom-margin  \" >\n\t \t\t\t<span class=\"ult_cl_link_6  ult_crlink\" >\n\t\t\t\t\t<a  data-ultimate-target='#creative-link-wrap-2150 .ult_colorlink'  data-responsive-json-new='{\"font-size\":\"\",\"line-height\":\"\"}'  href=\"\/de\/produkte\/edelstahl-ruehrwerke\/\" title=\"Sie mehr \u00fcber Edelstahl-R\u00fchrwerke\"  class=\"ult_colorlink ult-responsive  vc_custom_1607689127591\" style=\"font-weight:normal;color:#afafaf; \"  data-textcolor=\"#f2f2f2\" data-texthover=\"#afafaf\"data-style=\"Style_6\">\n\t\t\t\t\t\t\n\t\t\t\t\t\t<span data-hover=\"Edelstahl-R\u00fchrwerke\" style=\"color:#f2f2f2;;;\" class=\"ult_btn10_span   \">Edelstahl-R\u00fchrwerke<\/span>\n\t\t\t\t\t\t<span class=\"ult_btn6_link_top \" data-color=\"#afafaf\">\u2022<\/span>\n\t\t\t\t\t<\/a>\n\t\t\t\t<\/span>\n\t\t\t<\/span>[\/vc_column_inner][vc_column_inner width=&#8220;1\/3&#8243;][vc_single_image image=&#8220;2397&#8243; img_size=&#8220;full&#8220; alignment=&#8220;center&#8220; style=&#8220;vc_box_border&#8220; border_color=&#8220;black&#8220; onclick=&#8220;custom_link&#8220; css_animation=&#8220;none&#8220; link=&#8220;\/de\/produkte\/edelstahl-mischtank\/&#8220; css=&#8220;.vc_custom_1607689136474{margin-top: -35px !important;margin-bottom: 10px !important;background-color: #f9f9f9 !important;}&#8220;]<span id=\"creative-link-wrap-8787\" class=\"ult_main_cl ult-adjust-bottom-margin  \" >\n\t \t\t\t<span class=\"ult_cl_link_6  ult_crlink\" >\n\t\t\t\t\t<a  data-ultimate-target='#creative-link-wrap-8787 .ult_colorlink'  data-responsive-json-new='{\"font-size\":\"\",\"line-height\":\"\"}'  href=\"\/de\/produkte\/edelstahl-mischtank\/\" title=\"Sie mehr \u00fcber Edelstahl Mischtank\"  class=\"ult_colorlink ult-responsive  vc_custom_1607689144007\" style=\"font-weight:normal;color:#afafaf; \"  data-textcolor=\"#f2f2f2\" data-texthover=\"#afafaf\"data-style=\"Style_6\">\n\t\t\t\t\t\t\n\t\t\t\t\t\t<span data-hover=\"Edelstahl mischtank\" style=\"color:#f2f2f2;;;\" class=\"ult_btn10_span   \">Edelstahl mischtank<\/span>\n\t\t\t\t\t\t<span class=\"ult_btn6_link_top \" data-color=\"#afafaf\">\u2022<\/span>\n\t\t\t\t\t<\/a>\n\t\t\t\t<\/span>\n\t\t\t<\/span>[\/vc_column_inner][\/vc_row_inner][vc_row_inner equal_height=&#8220;yes&#8220; content_placement=&#8220;top&#8220; gap=&#8220;15&#8243;][vc_column_inner width=&#8220;1\/3&#8243; css=&#8220;.vc_custom_1504638838341{margin-right: 0px !important;margin-left: 0px !important;}&#8220;][vc_single_image image=&#8220;5245&#8243; img_size=&#8220;full&#8220; alignment=&#8220;center&#8220; style=&#8220;vc_box_border&#8220; border_color=&#8220;black&#8220; onclick=&#8220;custom_link&#8220; css_animation=&#8220;none&#8220; link=&#8220;\/de\/produkte\/edelstahl-puffertank\/&#8220; css=&#8220;.vc_custom_1607689154454{margin-top: -35px !important;margin-bottom: 10px !important;}&#8220;]<span id=\"creative-link-wrap-2678\" class=\"ult_main_cl ult-adjust-bottom-margin  \" >\n\t \t\t\t<span class=\"ult_cl_link_6  ult_crlink\" >\n\t\t\t\t\t<a  data-ultimate-target='#creative-link-wrap-2678 .ult_colorlink'  data-responsive-json-new='{\"font-size\":\"\",\"line-height\":\"\"}'  href=\"\/de\/produkte\/edelstahl-puffertank\/\" title=\"Sie mehr \u00fcber Edelstahl-Puffertank\"  class=\"ult_colorlink ult-responsive  vc_custom_1607689163152\" style=\"font-weight:normal;color:#afafaf; \"  data-textcolor=\"#f2f2f2\" data-texthover=\"#afafaf\"data-style=\"Style_6\">\n\t\t\t\t\t\t\n\t\t\t\t\t\t<span data-hover=\"Edelstahl Puffertank\" style=\"color:#f2f2f2;;;\" class=\"ult_btn10_span   \">Edelstahl Puffertank<\/span>\n\t\t\t\t\t\t<span class=\"ult_btn6_link_top \" data-color=\"#afafaf\">\u2022<\/span>\n\t\t\t\t\t<\/a>\n\t\t\t\t<\/span>\n\t\t\t<\/span>[\/vc_column_inner][vc_column_inner width=&#8220;1\/3&#8243;][vc_single_image image=&#8220;2403&#8243; img_size=&#8220;full&#8220; alignment=&#8220;center&#8220; style=&#8220;vc_box_border&#8220; border_color=&#8220;black&#8220; onclick=&#8220;custom_link&#8220; css_animation=&#8220;none&#8220; link=&#8220;\/de\/produkte\/schabewaermetauscher\/&#8220; css=&#8220;.vc_custom_1607689171465{margin-top: -35px !important;margin-bottom: 10px !important;}&#8220;]<span id=\"creative-link-wrap-2806\" class=\"ult_main_cl ult-adjust-bottom-margin  \" >\n\t \t\t\t<span class=\"ult_cl_link_6  ult_crlink\" >\n\t\t\t\t\t<a  data-ultimate-target='#creative-link-wrap-2806 .ult_colorlink'  data-responsive-json-new='{\"font-size\":\"\",\"line-height\":\"\"}'  href=\"\/de\/produkte\/schabewaermetauscher\/\" title=\"Sie mehr \u00fcber Schabew\u00e4rmetauscher\"  class=\"ult_colorlink ult-responsive  vc_custom_1607689181539\" style=\"font-weight:normal;color:#afafaf; \"  data-textcolor=\"#f2f2f2\" data-texthover=\"#afafaf\"data-style=\"Style_6\">\n\t\t\t\t\t\t\n\t\t\t\t\t\t<span data-hover=\"Schabew\u00e4rmetauscher\" style=\"color:#f2f2f2;;;\" class=\"ult_btn10_span   \">Schabew\u00e4rmetauscher<\/span>\n\t\t\t\t\t\t<span class=\"ult_btn6_link_top \" data-color=\"#afafaf\">\u2022<\/span>\n\t\t\t\t\t<\/a>\n\t\t\t\t<\/span>\n\t\t\t<\/span>[\/vc_column_inner][vc_column_inner width=&#8220;1\/3&#8243;][vc_single_image image=&#8220;2405&#8243; img_size=&#8220;full&#8220; alignment=&#8220;center&#8220; style=&#8220;vc_box_border&#8220; border_color=&#8220;black&#8220; onclick=&#8220;custom_link&#8220; css_animation=&#8220;none&#8220; link=&#8220;\/de\/produkte\/prozesseinheiten\/&#8220; css=&#8220;.vc_custom_1607689193475{margin-top: -35px !important;margin-bottom: 10px !important;}&#8220;]<span id=\"creative-link-wrap-7022\" class=\"ult_main_cl ult-adjust-bottom-margin  \" >\n\t \t\t\t<span class=\"ult_cl_link_6  ult_crlink\" >\n\t\t\t\t\t<a  data-ultimate-target='#creative-link-wrap-7022 .ult_colorlink'  data-responsive-json-new='{\"font-size\":\"\",\"line-height\":\"\"}'  href=\"\/de\/produkte\/prozesseinheiten\/\" title=\"Sie mehr \u00fcber Prozesseinheiten\"  class=\"ult_colorlink ult-responsive  vc_custom_1607689203756\" style=\"font-weight:normal;color:#afafaf; \"  data-textcolor=\"#f2f2f2\" data-texthover=\"#afafaf\"data-style=\"Style_6\">\n\t\t\t\t\t\t\n\t\t\t\t\t\t<span data-hover=\"Prozesseinheiten\" style=\"color:#f2f2f2;;;\" class=\"ult_btn10_span   \">Prozesseinheiten<\/span>\n\t\t\t\t\t\t<span class=\"ult_btn6_link_top \" data-color=\"#afafaf\">\u2022<\/span>\n\t\t\t\t\t<\/a>\n\t\t\t\t<\/span>\n\t\t\t<\/span>[\/vc_column_inner][\/vc_row_inner][\/vc_column][\/vc_row][vc_row type=&#8220;vc_default&#8220; full_width=&#8220;stretch_row&#8220; bg_type=&#8220;bg_color&#8220; css=&#8220;.vc_custom_1567534502158{margin-right: 4px !important;margin-left: 4px !important;}&#8220; bg_color_value=&#8220;#303030&#8243;][\/vc_row][vc_column][\/vc_column][vc_row_inner css=&#8220;.vc_custom_1504639140776{margin-bottom: 20px !important;}&#8220;][\/vc_row_inner][vc_column_inner css=&#8220;.vc_custom_1504639209951{margin-bottom: 10px !important;}&#8220;][\/vc_column_inner]<\/p>\n<\/div>","protected":false},"excerpt":{"rendered":"<p>[vc_row css=&#8220;.vc_custom_1478181122051{margin-bottom: -35px !important;}&#8220;][vc_column][vc_column_text css=&#8220;.vc_custom_1475473100989{margin-bottom: -15px !important;}&#8220;] Lernen Sie uns kennen [\/vc_column_text][\/vc_column][\/vc_row][vc_row type=&#8220;vc_default&#8220; full_width=&#8220;stretch_row&#8220; bg_type=&#8220;bg_color&#8220;][vc_column][vc_column_text] JH St\u00e5lindustri ist seit 1990 ein kompetenter und qualit\u00e4tsbewusster Lieferant von Edelstahltank. Wir haben eine stolze Tradition in der Herstellung von Prozesstank, Drucktank und Silotank aus Edelstahl. Die Gr\u00f6\u00dfen unserer Lieferungen variieren von 10-Liter-Tank bis hin zu 200.000- Liter-Silotank. Dar\u00fcber&hellip;<\/p>\n","protected":false},"author":10,"featured_media":0,"parent":0,"menu_order":0,"comment_status":"closed","ping_status":"closed","template":"","meta":{"footnotes":""},"yoast_head":"<!-- This site is optimized with the Yoast SEO plugin v22.2 - https:\/\/yoast.com\/wordpress\/plugins\/seo\/ -->\n<title>Lernen Sie uns kennen - Zertifizierte Schmiede - JH St\u00e5lindustri A\/S<\/title>\n<meta name=\"description\" content=\"Bei JH St\u00e5lindustri A\/S stellen wir seit 1990 Edelstahltank f\u00fcr die Industrie her. Wir sind technisch professionell, kompetent und qualit\u00e4tsbewusst.\" \/>\n<meta name=\"robots\" content=\"index, follow, max-snippet:-1, max-image-preview:large, max-video-preview:-1\" \/>\n<link rel=\"canonical\" href=\"https:\/\/www.jhstaal.com\/de\/lernen-sie-uns-kennen\/\" \/>\n<meta property=\"og:locale\" content=\"de_DE\" \/>\n<meta property=\"og:type\" content=\"article\" \/>\n<meta property=\"og:title\" content=\"Lernen Sie uns kennen - Zertifizierte Schmiede - JH St\u00e5lindustri A\/S\" \/>\n<meta property=\"og:description\" content=\"Bei JH St\u00e5lindustri A\/S stellen wir seit 1990 Edelstahltank f\u00fcr die Industrie her. Wir sind technisch professionell, kompetent und qualit\u00e4tsbewusst.\" \/>\n<meta property=\"og:url\" content=\"https:\/\/www.jhstaal.com\/de\/lernen-sie-uns-kennen\/\" \/>\n<meta property=\"og:site_name\" content=\"JH St&aring;lindustri A\/S\" \/>\n<meta property=\"article:modified_time\" content=\"2021-02-15T10:41:57+00:00\" \/>\n<meta name=\"twitter:card\" content=\"summary_large_image\" \/>\n<meta name=\"twitter:label1\" content=\"Gesch\u00e4tzte Lesezeit\" \/>\n\t<meta name=\"twitter:data1\" content=\"3\u00a0Minuten\" \/>\n<script type=\"application\/ld+json\" class=\"yoast-schema-graph\">{\"@context\":\"https:\/\/schema.org\",\"@graph\":[{\"@type\":\"WebPage\",\"@id\":\"https:\/\/www.jhstaal.com\/de\/lernen-sie-uns-kennen\/\",\"url\":\"https:\/\/www.jhstaal.com\/de\/lernen-sie-uns-kennen\/\",\"name\":\"Lernen Sie uns kennen - Zertifizierte Schmiede - JH St\u00e5lindustri A\/S\",\"isPartOf\":{\"@id\":\"https:\/\/jhstaal.dk\/#website\"},\"datePublished\":\"2020-12-11T07:42:06+00:00\",\"dateModified\":\"2021-02-15T10:41:57+00:00\",\"description\":\"Bei JH St\u00e5lindustri A\/S stellen wir seit 1990 Edelstahltank f\u00fcr die Industrie her. Wir sind technisch professionell, kompetent und qualit\u00e4tsbewusst.\",\"breadcrumb\":{\"@id\":\"https:\/\/www.jhstaal.com\/de\/lernen-sie-uns-kennen\/#breadcrumb\"},\"inLanguage\":\"de\",\"potentialAction\":[{\"@type\":\"ReadAction\",\"target\":[\"https:\/\/www.jhstaal.com\/de\/lernen-sie-uns-kennen\/\"]}]},{\"@type\":\"BreadcrumbList\",\"@id\":\"https:\/\/www.jhstaal.com\/de\/lernen-sie-uns-kennen\/#breadcrumb\",\"itemListElement\":[{\"@type\":\"ListItem\",\"position\":1,\"name\":\"Hjem\",\"item\":\"https:\/\/www.jhstaal.com\/de\/\"},{\"@type\":\"ListItem\",\"position\":2,\"name\":\"Lernen Sie uns kennen\"}]},{\"@type\":\"WebSite\",\"@id\":\"https:\/\/jhstaal.dk\/#website\",\"url\":\"https:\/\/jhstaal.dk\/\",\"name\":\"JH St&aring;lindustri A\/S\",\"description\":\"St&aring;ltanke\",\"publisher\":{\"@id\":\"https:\/\/jhstaal.dk\/#organization\"},\"potentialAction\":[{\"@type\":\"SearchAction\",\"target\":{\"@type\":\"EntryPoint\",\"urlTemplate\":\"https:\/\/jhstaal.dk\/?s={search_term_string}\"},\"query-input\":\"required name=search_term_string\"}],\"inLanguage\":\"de\"},{\"@type\":\"Organization\",\"@id\":\"https:\/\/jhstaal.dk\/#organization\",\"name\":\"JH St\u00e5lindustri A\/S\",\"url\":\"https:\/\/jhstaal.dk\/\",\"logo\":{\"@type\":\"ImageObject\",\"inLanguage\":\"de\",\"@id\":\"https:\/\/jhstaal.dk\/#\/schema\/logo\/image\/\",\"url\":\"\/wp-content\/uploads\/2016\/09\/JHstaal-LOGO-600px.jpg\",\"contentUrl\":\"\/wp-content\/uploads\/2016\/09\/JHstaal-LOGO-600px.jpg\",\"width\":600,\"height\":160,\"caption\":\"JH St\u00e5lindustri A\/S\"},\"image\":{\"@id\":\"https:\/\/jhstaal.dk\/#\/schema\/logo\/image\/\"}}]}<\/script>\n<!-- \/ Yoast SEO plugin. -->","yoast_head_json":{"title":"Lernen Sie uns kennen - Zertifizierte Schmiede - JH St\u00e5lindustri A\/S","description":"Bei JH St\u00e5lindustri A\/S stellen wir seit 1990 Edelstahltank f\u00fcr die Industrie her. Wir sind technisch professionell, kompetent und qualit\u00e4tsbewusst.","robots":{"index":"index","follow":"follow","max-snippet":"max-snippet:-1","max-image-preview":"max-image-preview:large","max-video-preview":"max-video-preview:-1"},"canonical":"https:\/\/www.jhstaal.com\/de\/lernen-sie-uns-kennen\/","og_locale":"de_DE","og_type":"article","og_title":"Lernen Sie uns kennen - Zertifizierte Schmiede - JH St\u00e5lindustri A\/S","og_description":"Bei JH St\u00e5lindustri A\/S stellen wir seit 1990 Edelstahltank f\u00fcr die Industrie her. Wir sind technisch professionell, kompetent und qualit\u00e4tsbewusst.","og_url":"https:\/\/www.jhstaal.com\/de\/lernen-sie-uns-kennen\/","og_site_name":"JH St&aring;lindustri A\/S","article_modified_time":"2021-02-15T10:41:57+00:00","twitter_card":"summary_large_image","twitter_misc":{"Gesch\u00e4tzte Lesezeit":"3\u00a0Minuten"},"schema":{"@context":"https:\/\/schema.org","@graph":[{"@type":"WebPage","@id":"https:\/\/www.jhstaal.com\/de\/lernen-sie-uns-kennen\/","url":"https:\/\/www.jhstaal.com\/de\/lernen-sie-uns-kennen\/","name":"Lernen Sie uns kennen - Zertifizierte Schmiede - JH St\u00e5lindustri A\/S","isPartOf":{"@id":"https:\/\/jhstaal.dk\/#website"},"datePublished":"2020-12-11T07:42:06+00:00","dateModified":"2021-02-15T10:41:57+00:00","description":"Bei JH St\u00e5lindustri A\/S stellen wir seit 1990 Edelstahltank f\u00fcr die Industrie her. Wir sind technisch professionell, kompetent und qualit\u00e4tsbewusst.","breadcrumb":{"@id":"https:\/\/www.jhstaal.com\/de\/lernen-sie-uns-kennen\/#breadcrumb"},"inLanguage":"de","potentialAction":[{"@type":"ReadAction","target":["https:\/\/www.jhstaal.com\/de\/lernen-sie-uns-kennen\/"]}]},{"@type":"BreadcrumbList","@id":"https:\/\/www.jhstaal.com\/de\/lernen-sie-uns-kennen\/#breadcrumb","itemListElement":[{"@type":"ListItem","position":1,"name":"Hjem","item":"https:\/\/www.jhstaal.com\/de\/"},{"@type":"ListItem","position":2,"name":"Lernen Sie uns kennen"}]},{"@type":"WebSite","@id":"https:\/\/jhstaal.dk\/#website","url":"https:\/\/jhstaal.dk\/","name":"JH St&aring;lindustri A\/S","description":"St&aring;ltanke","publisher":{"@id":"https:\/\/jhstaal.dk\/#organization"},"potentialAction":[{"@type":"SearchAction","target":{"@type":"EntryPoint","urlTemplate":"https:\/\/jhstaal.dk\/?s={search_term_string}"},"query-input":"required name=search_term_string"}],"inLanguage":"de"},{"@type":"Organization","@id":"https:\/\/jhstaal.dk\/#organization","name":"JH St\u00e5lindustri A\/S","url":"https:\/\/jhstaal.dk\/","logo":{"@type":"ImageObject","inLanguage":"de","@id":"https:\/\/jhstaal.dk\/#\/schema\/logo\/image\/","url":"\/wp-content\/uploads\/2016\/09\/JHstaal-LOGO-600px.jpg","contentUrl":"\/wp-content\/uploads\/2016\/09\/JHstaal-LOGO-600px.jpg","width":600,"height":160,"caption":"JH St\u00e5lindustri A\/S"},"image":{"@id":"https:\/\/jhstaal.dk\/#\/schema\/logo\/image\/"}}]}},"_links":{"self":[{"href":"https:\/\/www.jhstaal.com\/de\/wp-json\/wp\/v2\/pages\/4458"}],"collection":[{"href":"https:\/\/www.jhstaal.com\/de\/wp-json\/wp\/v2\/pages"}],"about":[{"href":"https:\/\/www.jhstaal.com\/de\/wp-json\/wp\/v2\/types\/page"}],"author":[{"embeddable":true,"href":"https:\/\/www.jhstaal.com\/de\/wp-json\/wp\/v2\/users\/10"}],"replies":[{"embeddable":true,"href":"https:\/\/www.jhstaal.com\/de\/wp-json\/wp\/v2\/comments?post=4458"}],"version-history":[{"count":3,"href":"https:\/\/www.jhstaal.com\/de\/wp-json\/wp\/v2\/pages\/4458\/revisions"}],"predecessor-version":[{"id":6963,"href":"https:\/\/www.jhstaal.com\/de\/wp-json\/wp\/v2\/pages\/4458\/revisions\/6963"}],"wp:attachment":[{"href":"https:\/\/www.jhstaal.com\/de\/wp-json\/wp\/v2\/media?parent=4458"}],"curies":[{"name":"wp","href":"https:\/\/api.w.org\/{rel}","templated":true}]}}