{"id":4455,"date":"2020-12-11T07:38:25","date_gmt":"2020-12-11T07:38:25","guid":{"rendered":"https:\/\/jhstaal.com\/qualitaetssicherung\/"},"modified":"2020-12-11T07:38:26","modified_gmt":"2020-12-11T07:38:26","slug":"qualitaetssicherung","status":"publish","type":"page","link":"https:\/\/www.jhstaal.com\/de\/qualitaetssicherung\/","title":{"rendered":"Qualit\u00e4tssicherung"},"content":{"rendered":"<div class=\"wpb-content-wrapper\"><h1 style=\"text-align: center;\">Qualit\u00e4tssicherung<\/h1>\n<p>[vc_row type=&#8220;vc_default&#8220; full_width=&#8220;stretch_row&#8220; bg_type=&#8220;bg_color&#8220;][vc_column][vc_column_text]<\/p>\n<p>Bei JH St\u00e5lindustri sind wir Experten f\u00fcr die Lieferung von Tanks von h\u00f6chster Qualit\u00e4t, die selbst den schwierigsten Spezifikationen und den h\u00f6chsten Anforderungen gerecht werden. Wir sind eine professionelle und kompetente Organisation im Gebiet der Technik, die sicherstellt, dass die technischen und dokumentarischen Anforderungen des Kunden stets erf\u00fcllt werden.<\/p>\n<div class=\"gap\" style=\"line-height: 20px; height: 20px;\"><\/div>\n<h2>Ausf\u00fchrlicher Dialog mit dem Kunden<\/h2>\n<div class=\"gap\" style=\"line-height: 20px; height: 20px;\"><\/div>\n<p>Bei JH St\u00e5lindustri A\/S legen wir gro\u00dfen Wert auf den Dialog mit den Kunden. Dies ist der wichtigste Schritt, um die Qualit\u00e4t der fertigen Lieferung sicherzustellen. Durch den ausf\u00fchrlichen Dialog wird das Produkt an alle Kundenw\u00fcnsche angepasst und weiterentwickelt. In diesem Beratungsprozess verwenden wir 3D-Zeichnungen, um das technische und visuelle Verst\u00e4ndnis zu verbessern. Dies verdeutlicht h\u00e4ufig neue Bed\u00fcrfnisse oder beispiellose Herausforderungen f\u00fcr den Kunden, die somit an die fertige L\u00f6sung angepasst werden k\u00f6nnen.<\/p>\n<div class=\"gap\" style=\"line-height: 20px; height: 20px;\"><\/div>\n<h2>Maschinenbau<\/h2>\n<div class=\"gap\" style=\"line-height: 20px; height: 20px;\"><\/div>\n<p>Bei der Berechnung selbst sind viele Dinge zu ber\u00fccksichtigen. Hier kommt unsere langj\u00e4hrige Erfahrung bei JH St\u00e5lindustri dem Kunden zugute. Wir verf\u00fcgen \u00fcber das erforderliche Fachwissen, um die richtige Materialauswahl zu gew\u00e4hrleisten, sowie \u00fcber Anleitungen zur Verwendung spezieller Legierungen sowie zur Korrosionsbest\u00e4ndigkeit. Alle Drucktanks werden gem\u00e4\u00df EN 13445 berechnet. Oft werden Anforderungen an die Berechnung der Lebensdauer gestellt, die f\u00fcr die richtige Auswahl der Hauptkomponenten f\u00fcr den Tank von entscheidender Bedeutung sind. Dar\u00fcber hinaus k\u00f6nnen wir die W\u00e4rmemantelfl\u00e4che berechnen, sollte die Temperatur in einem Tank beibehalten oder ge\u00e4ndert werden m\u00fcssen. Zus\u00e4tzlich k\u00f6nnen alle Tanks geliefert und bei Bedarf auf eine korrekte Isolationsdicke berechnet werden.<\/p>\n<div class=\"gap\" style=\"line-height: 20px; height: 20px;\"><\/div>\n<h2>Hygienische Produktion<\/h2>\n<div class=\"gap\" style=\"line-height: 20px; height: 20px;\"><\/div>\n<p>Bei JH St\u00e5lindustri sind wir Spezialisten f\u00fcr die Herstellung von Tanks f\u00fcr die aseptische Produktion. Wir haben langj\u00e4hrige Erfahrung in der Lieferung an die Lebensmittelindustrie und die Pharmaindustrie. Daher wissen wir, dass die Herstellung von Tanks f\u00fcr Umgebungen, in denen es zu besonderen Bedingungen hinsichtlich Reinigung und Korrosion kommt, durchgehend Anforderungen an das technische Know-how und die handwerkliche Qualit\u00e4t stellt. Wir verf\u00fcgen \u00fcber die erforderlichen Maschinen und Kompetenzen, um korrekte Oberfl\u00e4chen f\u00fcr eine effiziente Reinigung sicherzustellen. Dar\u00fcber hinaus verf\u00fcgen wir mit unserer langj\u00e4hrigen Erfahrung \u00fcber gro\u00dfes technisches Know-how in Bezug auf die Beratung \u00fcber CIP, einschlie\u00dflich Design, Standort und Auswahl von Waschkugel und Turbine, die letztendlich f\u00fcr eine ordnungsgem\u00e4\u00dfe Reinigung von entscheidender Bedeutung sind. Wir bieten immer an, einen Riboflavin-Test der fertigen L\u00f6sung durchzuf\u00fchren, damit wir die effektive Reinigung nachweisen k\u00f6nnen.<\/p>\n<div class=\"gap\" style=\"line-height: 20px; height: 20px;\"><\/div>\n<h2>Transparente Dokumentation<\/h2>\n<div class=\"gap\" style=\"line-height: 20px; height: 20px;\"><\/div>\n<p>Dokumentation ist f\u00fcr uns ein Schl\u00fcsselwort. Es ist wichtig, dass die Dokumentation nachvollziehbar und korrekt ist. Dar\u00fcber hinaus haben wir eine detaillierte Datenbank entwickelt, in der Zeichnungsrevisionen, St\u00fccklisten, Materialzertifikate, Schwei\u00dfzertifikate, Schwei\u00dfverfahren, Schwei\u00dfprotokolle usw. erfasst werden. Es ist eine sichere Grundlage, die sicherstellt, dass wir immer 100% transparent \u00fcber unsere Prozesse sind. Das fertige Produkt wird daher logisch und klar mit vollst\u00e4ndiger R\u00fcckverfolgbarkeit geliefert.<\/p>\n<div class=\"gap\" style=\"line-height: 20px; height: 20px;\"><\/div>\n<h2>Zertifizierungen und Standards<\/h2>\n<div class=\"gap\" style=\"line-height: 20px; height: 20px;\"><\/div>\n<p>Die Aspekte der Drucktank berechnen wir nach EN 13445. Drucklose Tank basieren auf derselben Norm oder EN 1993-4 \/ EN 14015. Unsere Schmiede sind nach EN ISO 96096-1 und EN ISO 14732 zertifiziert. Wir haben viele Schwei\u00dfverfahren in EN ISO 15614-1 f\u00fcr mehrere Legierungen, einschlie\u00dflich EN 1.4404 (316 I), EN 1.4539 (904L), EN 1.4462 (Duplex 2205), EN 1.4410 (Super Duplex 2507).<\/p>\n<p>&nbsp;<\/p>\n<p>&nbsp;<\/p>\n<\/div>","protected":false},"excerpt":{"rendered":"<p>Qualit\u00e4tssicherung [vc_row type=&#8220;vc_default&#8220; full_width=&#8220;stretch_row&#8220; bg_type=&#8220;bg_color&#8220;][vc_column][vc_column_text] Bei JH St\u00e5lindustri sind wir Experten f\u00fcr die Lieferung von Tanks von h\u00f6chster Qualit\u00e4t, die selbst den schwierigsten Spezifikationen und den h\u00f6chsten Anforderungen gerecht werden. Wir sind eine professionelle und kompetente Organisation im Gebiet der Technik, die sicherstellt, dass die technischen und dokumentarischen Anforderungen des Kunden stets erf\u00fcllt werden. Ausf\u00fchrlicher&hellip;<\/p>\n","protected":false},"author":10,"featured_media":0,"parent":0,"menu_order":0,"comment_status":"closed","ping_status":"closed","template":"","meta":{"footnotes":""},"yoast_head":"<!-- This site is optimized with the Yoast SEO plugin v22.2 - https:\/\/yoast.com\/wordpress\/plugins\/seo\/ -->\n<title>Qualit\u00e4tssicherung &#8211; JH St&aring;lindustri A\/S<\/title>\n<meta name=\"robots\" content=\"index, follow, max-snippet:-1, max-image-preview:large, max-video-preview:-1\" \/>\n<link rel=\"canonical\" href=\"https:\/\/www.jhstaal.com\/de\/qualitaetssicherung\/\" \/>\n<meta property=\"og:locale\" content=\"de_DE\" \/>\n<meta property=\"og:type\" content=\"article\" \/>\n<meta property=\"og:title\" content=\"Qualit\u00e4tssicherung &#8211; JH St&aring;lindustri A\/S\" \/>\n<meta property=\"og:description\" content=\"Qualit\u00e4tssicherung [vc_row type=&#8220;vc_default&#8220; full_width=&#8220;stretch_row&#8220; bg_type=&#8220;bg_color&#8220;][vc_column][vc_column_text] Bei JH St\u00e5lindustri sind wir Experten f\u00fcr die Lieferung von Tanks von h\u00f6chster Qualit\u00e4t, die selbst den schwierigsten Spezifikationen und den h\u00f6chsten Anforderungen gerecht werden. Wir sind eine professionelle und kompetente Organisation im Gebiet der Technik, die sicherstellt, dass die technischen und dokumentarischen Anforderungen des Kunden stets erf\u00fcllt werden. Ausf\u00fchrlicher&hellip;\" \/>\n<meta property=\"og:url\" content=\"https:\/\/www.jhstaal.com\/de\/qualitaetssicherung\/\" \/>\n<meta property=\"og:site_name\" content=\"JH St&aring;lindustri A\/S\" \/>\n<meta property=\"article:modified_time\" content=\"2020-12-11T07:38:26+00:00\" \/>\n<meta name=\"twitter:card\" content=\"summary_large_image\" \/>\n<meta name=\"twitter:label1\" content=\"Gesch\u00e4tzte Lesezeit\" \/>\n\t<meta name=\"twitter:data1\" content=\"3\u00a0Minuten\" \/>\n<script type=\"application\/ld+json\" class=\"yoast-schema-graph\">{\"@context\":\"https:\/\/schema.org\",\"@graph\":[{\"@type\":\"WebPage\",\"@id\":\"https:\/\/www.jhstaal.com\/de\/qualitaetssicherung\/\",\"url\":\"https:\/\/www.jhstaal.com\/de\/qualitaetssicherung\/\",\"name\":\"Qualit\u00e4tssicherung &#8211; JH St&aring;lindustri A\/S\",\"isPartOf\":{\"@id\":\"https:\/\/jhstaal.com\/#website\"},\"datePublished\":\"2020-12-11T07:38:25+00:00\",\"dateModified\":\"2020-12-11T07:38:26+00:00\",\"breadcrumb\":{\"@id\":\"https:\/\/www.jhstaal.com\/de\/qualitaetssicherung\/#breadcrumb\"},\"inLanguage\":\"de\",\"potentialAction\":[{\"@type\":\"ReadAction\",\"target\":[\"https:\/\/www.jhstaal.com\/de\/qualitaetssicherung\/\"]}]},{\"@type\":\"BreadcrumbList\",\"@id\":\"https:\/\/www.jhstaal.com\/de\/qualitaetssicherung\/#breadcrumb\",\"itemListElement\":[{\"@type\":\"ListItem\",\"position\":1,\"name\":\"Hjem\",\"item\":\"https:\/\/www.jhstaal.com\/de\/\"},{\"@type\":\"ListItem\",\"position\":2,\"name\":\"Qualit\u00e4tssicherung\"}]},{\"@type\":\"WebSite\",\"@id\":\"https:\/\/jhstaal.com\/#website\",\"url\":\"https:\/\/jhstaal.com\/\",\"name\":\"JH St&aring;lindustri A\/S\",\"description\":\"St&aring;ltanke\",\"publisher\":{\"@id\":\"https:\/\/jhstaal.com\/#organization\"},\"potentialAction\":[{\"@type\":\"SearchAction\",\"target\":{\"@type\":\"EntryPoint\",\"urlTemplate\":\"https:\/\/jhstaal.com\/?s={search_term_string}\"},\"query-input\":\"required name=search_term_string\"}],\"inLanguage\":\"de\"},{\"@type\":\"Organization\",\"@id\":\"https:\/\/jhstaal.com\/#organization\",\"name\":\"JH St\u00e5lindustri A\/S\",\"url\":\"https:\/\/jhstaal.com\/\",\"logo\":{\"@type\":\"ImageObject\",\"inLanguage\":\"de\",\"@id\":\"https:\/\/jhstaal.com\/#\/schema\/logo\/image\/\",\"url\":\"\/wp-content\/uploads\/2016\/09\/JHstaal-LOGO-600px.jpg\",\"contentUrl\":\"\/wp-content\/uploads\/2016\/09\/JHstaal-LOGO-600px.jpg\",\"width\":600,\"height\":160,\"caption\":\"JH St\u00e5lindustri A\/S\"},\"image\":{\"@id\":\"https:\/\/jhstaal.com\/#\/schema\/logo\/image\/\"}}]}<\/script>\n<!-- \/ Yoast SEO plugin. -->","yoast_head_json":{"title":"Qualit\u00e4tssicherung &#8211; JH St&aring;lindustri A\/S","robots":{"index":"index","follow":"follow","max-snippet":"max-snippet:-1","max-image-preview":"max-image-preview:large","max-video-preview":"max-video-preview:-1"},"canonical":"https:\/\/www.jhstaal.com\/de\/qualitaetssicherung\/","og_locale":"de_DE","og_type":"article","og_title":"Qualit\u00e4tssicherung &#8211; JH St&aring;lindustri A\/S","og_description":"Qualit\u00e4tssicherung [vc_row type=&#8220;vc_default&#8220; full_width=&#8220;stretch_row&#8220; bg_type=&#8220;bg_color&#8220;][vc_column][vc_column_text] Bei JH St\u00e5lindustri sind wir Experten f\u00fcr die Lieferung von Tanks von h\u00f6chster Qualit\u00e4t, die selbst den schwierigsten Spezifikationen und den h\u00f6chsten Anforderungen gerecht werden. Wir sind eine professionelle und kompetente Organisation im Gebiet der Technik, die sicherstellt, dass die technischen und dokumentarischen Anforderungen des Kunden stets erf\u00fcllt werden. Ausf\u00fchrlicher&hellip;","og_url":"https:\/\/www.jhstaal.com\/de\/qualitaetssicherung\/","og_site_name":"JH St&aring;lindustri A\/S","article_modified_time":"2020-12-11T07:38:26+00:00","twitter_card":"summary_large_image","twitter_misc":{"Gesch\u00e4tzte Lesezeit":"3\u00a0Minuten"},"schema":{"@context":"https:\/\/schema.org","@graph":[{"@type":"WebPage","@id":"https:\/\/www.jhstaal.com\/de\/qualitaetssicherung\/","url":"https:\/\/www.jhstaal.com\/de\/qualitaetssicherung\/","name":"Qualit\u00e4tssicherung &#8211; JH St&aring;lindustri A\/S","isPartOf":{"@id":"https:\/\/jhstaal.com\/#website"},"datePublished":"2020-12-11T07:38:25+00:00","dateModified":"2020-12-11T07:38:26+00:00","breadcrumb":{"@id":"https:\/\/www.jhstaal.com\/de\/qualitaetssicherung\/#breadcrumb"},"inLanguage":"de","potentialAction":[{"@type":"ReadAction","target":["https:\/\/www.jhstaal.com\/de\/qualitaetssicherung\/"]}]},{"@type":"BreadcrumbList","@id":"https:\/\/www.jhstaal.com\/de\/qualitaetssicherung\/#breadcrumb","itemListElement":[{"@type":"ListItem","position":1,"name":"Hjem","item":"https:\/\/www.jhstaal.com\/de\/"},{"@type":"ListItem","position":2,"name":"Qualit\u00e4tssicherung"}]},{"@type":"WebSite","@id":"https:\/\/jhstaal.com\/#website","url":"https:\/\/jhstaal.com\/","name":"JH St&aring;lindustri A\/S","description":"St&aring;ltanke","publisher":{"@id":"https:\/\/jhstaal.com\/#organization"},"potentialAction":[{"@type":"SearchAction","target":{"@type":"EntryPoint","urlTemplate":"https:\/\/jhstaal.com\/?s={search_term_string}"},"query-input":"required name=search_term_string"}],"inLanguage":"de"},{"@type":"Organization","@id":"https:\/\/jhstaal.com\/#organization","name":"JH St\u00e5lindustri A\/S","url":"https:\/\/jhstaal.com\/","logo":{"@type":"ImageObject","inLanguage":"de","@id":"https:\/\/jhstaal.com\/#\/schema\/logo\/image\/","url":"\/wp-content\/uploads\/2016\/09\/JHstaal-LOGO-600px.jpg","contentUrl":"\/wp-content\/uploads\/2016\/09\/JHstaal-LOGO-600px.jpg","width":600,"height":160,"caption":"JH St\u00e5lindustri A\/S"},"image":{"@id":"https:\/\/jhstaal.com\/#\/schema\/logo\/image\/"}}]}},"_links":{"self":[{"href":"https:\/\/www.jhstaal.com\/de\/wp-json\/wp\/v2\/pages\/4455"}],"collection":[{"href":"https:\/\/www.jhstaal.com\/de\/wp-json\/wp\/v2\/pages"}],"about":[{"href":"https:\/\/www.jhstaal.com\/de\/wp-json\/wp\/v2\/types\/page"}],"author":[{"embeddable":true,"href":"https:\/\/www.jhstaal.com\/de\/wp-json\/wp\/v2\/users\/10"}],"replies":[{"embeddable":true,"href":"https:\/\/www.jhstaal.com\/de\/wp-json\/wp\/v2\/comments?post=4455"}],"version-history":[{"count":0,"href":"https:\/\/www.jhstaal.com\/de\/wp-json\/wp\/v2\/pages\/4455\/revisions"}],"wp:attachment":[{"href":"https:\/\/www.jhstaal.com\/de\/wp-json\/wp\/v2\/media?parent=4455"}],"curies":[{"name":"wp","href":"https:\/\/api.w.org\/{rel}","templated":true}]}}